{"id":870,"date":"2025-05-18T13:35:08","date_gmt":"2025-05-18T17:35:08","guid":{"rendered":"https:\/\/wpdevstaging.com\/laurentide\/?page_id=870"},"modified":"2025-11-15T12:35:47","modified_gmt":"2025-11-15T17:35:47","slug":"75-ans-de-savoir-faire","status":"publish","type":"page","link":"https:\/\/wpdevstaging.com\/laurentide\/peinture-laurentide\/75-ans-de-savoir-faire\/","title":{"rendered":"75 ans de savoir faire"},"content":{"rendered":"\t\t<div data-elementor-type=\"wp-page\" data-elementor-id=\"870\" class=\"elementor elementor-870\" data-elementor-post-type=\"page\">\n\t\t\t\t<div class=\"elementor-element elementor-element-792fee1 e-flex e-con-boxed e-con e-parent\" data-id=\"792fee1\" data-element_type=\"container\" data-settings=\"{&quot;background_background&quot;:&quot;classic&quot;}\">\n\t\t\t\t\t<div class=\"e-con-inner\">\n\t\t<div class=\"elementor-element elementor-element-2953d01 e-con-full e-flex e-con e-child\" data-id=\"2953d01\" data-element_type=\"container\">\n\t\t\t\t<div class=\"elementor-element elementor-element-0360991 elementor-widget elementor-widget-heading\" data-id=\"0360991\" data-element_type=\"widget\" data-widget_type=\"heading.default\">\n\t\t\t\t<div class=\"elementor-widget-container\">\n\t\t\t\t\t<h2 class=\"elementor-heading-title elementor-size-default\">L\u2019h\u00e9ritage visionnaire de Gabriel Buisson, la touche francophone d\u2019Am\u00e9rique<\/h2>\t\t\t\t<\/div>\n\t\t\t\t<\/div>\n\t\t\t\t<\/div>\n\t\t\t\t\t<\/div>\n\t\t\t\t<\/div>\n\t\t<div class=\"elementor-element elementor-element-1f2709b e-flex e-con-boxed e-con e-parent\" data-id=\"1f2709b\" data-element_type=\"container\">\n\t\t\t\t\t<div class=\"e-con-inner\">\n\t\t\t\t<div class=\"elementor-element elementor-element-490e003 elementor-widget elementor-widget-heading\" data-id=\"490e003\" data-element_type=\"widget\" data-widget_type=\"heading.default\">\n\t\t\t\t<div class=\"elementor-widget-container\">\n\t\t\t\t\t<h2 class=\"elementor-heading-title elementor-size-default\">Une \u00e9pop\u00e9e qu\u00e9b\u00e9coise d\u2019innovation et de r\u00e9silience<\/h2>\t\t\t\t<\/div>\n\t\t\t\t<\/div>\n\t\t\t\t<div class=\"elementor-element elementor-element-c8f193d elementor-widget elementor-widget-text-editor\" data-id=\"c8f193d\" data-element_type=\"widget\" data-widget_type=\"text-editor.default\">\n\t\t\t\t<div class=\"elementor-widget-container\">\n\t\t\t\t\t\t\t\t\t<p class=\"p1\">L\u2019histoire de Soci\u00e9t\u00e9 Laurentide est une v\u00e9ritable \u00e9pop\u00e9e de d\u00e9termination, d\u2019audace et d\u2019innovation. Depuis sa fondation en 1950 par Gabriel Buisson, un visionnaire originaire de Shawinigan, l\u2019entreprise s\u2019est b\u00e2tie sur le d\u00e9passement constant des limites et s\u2019est impos\u00e9e comme un symbole de r\u00e9ussite qu\u00e9b\u00e9coise. Anim\u00e9 par une volont\u00e9 farouche de r\u00e9ussir, Gabriel Buisson s\u2019est impos\u00e9 comme l\u2019un des premiers grands entrepreneurs francophones du Qu\u00e9bec, tra\u00e7ant la voie de l\u2019innovation qui coule encore aujourd\u2019hui dans nos veines.\u00a0<\/p>\t\t\t\t\t\t\t\t<\/div>\n\t\t\t\t<\/div>\n\t\t\t\t\t<\/div>\n\t\t\t\t<\/div>\n\t\t<div class=\"elementor-element elementor-element-94002c8 e-flex e-con-boxed e-con e-parent\" data-id=\"94002c8\" data-element_type=\"container\">\n\t\t\t\t\t<div class=\"e-con-inner\">\n\t\t\t\t<div class=\"elementor-element elementor-element-2414462 elementor-widget elementor-widget-image\" data-id=\"2414462\" data-element_type=\"widget\" data-widget_type=\"image.default\">\n\t\t\t\t<div class=\"elementor-widget-container\">\n\t\t\t\t\t\t\t\t\t\t\t\t\t\t\t<img fetchpriority=\"high\" decoding=\"async\" width=\"2560\" height=\"850\" src=\"https:\/\/wpdevstaging.com\/laurentide\/wp-content\/uploads\/2025\/07\/laurentide-75ans-histoire.jpg\" class=\"attachment-full size-full wp-image-957\" alt=\"\" srcset=\"https:\/\/wpdevstaging.com\/laurentide\/wp-content\/uploads\/2025\/07\/laurentide-75ans-histoire.jpg 2560w, https:\/\/wpdevstaging.com\/laurentide\/wp-content\/uploads\/2025\/07\/laurentide-75ans-histoire-300x100.jpg 300w, https:\/\/wpdevstaging.com\/laurentide\/wp-content\/uploads\/2025\/07\/laurentide-75ans-histoire-1024x340.jpg 1024w, https:\/\/wpdevstaging.com\/laurentide\/wp-content\/uploads\/2025\/07\/laurentide-75ans-histoire-768x255.jpg 768w, https:\/\/wpdevstaging.com\/laurentide\/wp-content\/uploads\/2025\/07\/laurentide-75ans-histoire-1536x510.jpg 1536w, https:\/\/wpdevstaging.com\/laurentide\/wp-content\/uploads\/2025\/07\/laurentide-75ans-histoire-2048x680.jpg 2048w\" sizes=\"(max-width: 2560px) 100vw, 2560px\" \/>\t\t\t\t\t\t\t\t\t\t\t\t\t\t\t<\/div>\n\t\t\t\t<\/div>\n\t\t\t\t\t<\/div>\n\t\t\t\t<\/div>\n\t\t<div class=\"elementor-element elementor-element-589ee4a e-flex e-con-boxed e-con e-parent\" data-id=\"589ee4a\" data-element_type=\"container\">\n\t\t\t\t\t<div class=\"e-con-inner\">\n\t\t\t\t<div class=\"elementor-element elementor-element-5b3b80f elementor-widget elementor-widget-heading\" data-id=\"5b3b80f\" data-element_type=\"widget\" data-widget_type=\"heading.default\">\n\t\t\t\t<div class=\"elementor-widget-container\">\n\t\t\t\t\t<h2 class=\"elementor-heading-title elementor-size-default\">Un pionnier parmi les grands<\/h2>\t\t\t\t<\/div>\n\t\t\t\t<\/div>\n\t\t\t\t<div class=\"elementor-element elementor-element-12ad542 elementor-widget elementor-widget-text-editor\" data-id=\"12ad542\" data-element_type=\"widget\" data-widget_type=\"text-editor.default\">\n\t\t\t\t<div class=\"elementor-widget-container\">\n\t\t\t\t\t\t\t\t\t<p class=\"p1\">Gabriel Buisson, un Shawiniganais visionnaire travaillant alors chez Shawinigan Chemicals, s\u2019est impos\u00e9 comme un pionnier dans le monde des affaires en brisant les barri\u00e8res impos\u00e9es aux entrepreneurs francophones. \u00c0 une \u00e9poque o\u00f9 l\u2019acc\u00e8s \u00e0 l\u2019\u00e9ducation sp\u00e9cialis\u00e9e \u00e9tait limit\u00e9 pour les francophones, il a compl\u00e9t\u00e9 une formation de chimiste par correspondance, offerte uniquement en anglais, illustrant d\u00e8s ses d\u00e9buts son esprit de pers\u00e9v\u00e9rance et d\u2019innovation.\u00a0<\/p><p class=\"p1\">Gabriel Buisson fait figure de b\u00e2tisseur aux c\u00f4t\u00e9s de personnalit\u00e9s embl\u00e9matiques telles que Jean Coutu, Pierre P\u00e9ladeau, Paul Desmarais ou Joseph-Armand Bombardier. Ces hommes ont su faire rayonner l\u2019entrepreneuriat francophone \u00e0 une \u00e9poque o\u00f9 peu y croyaient. Leur vision a contribu\u00e9 \u00e0 transformer le paysage \u00e9conomique du Qu\u00e9bec et \u00e0 inspirer les g\u00e9n\u00e9rations futures.\u00a0<\/p><p class=\"p1\">Dans un contexte o\u00f9 la majorit\u00e9 des grandes entreprises au Qu\u00e9bec \u00e9taient dirig\u00e9es par des anglophones ou des int\u00e9r\u00eats \u00e9trangers, il s\u2019est impos\u00e9 comme l\u2019un des premiers grands entrepreneurs francophones au Canada.\u00a0<\/p>\t\t\t\t\t\t\t\t<\/div>\n\t\t\t\t<\/div>\n\t\t\t\t\t<\/div>\n\t\t\t\t<\/div>\n\t\t<div class=\"elementor-element elementor-element-b2c7ea1 e-flex e-con-boxed e-con e-parent\" data-id=\"b2c7ea1\" data-element_type=\"container\">\n\t\t\t\t\t<div class=\"e-con-inner\">\n\t\t\t\t<div class=\"elementor-element elementor-element-c792e1c elementor-widget elementor-widget-heading\" data-id=\"c792e1c\" data-element_type=\"widget\" data-widget_type=\"heading.default\">\n\t\t\t\t<div class=\"elementor-widget-container\">\n\t\t\t\t\t<h2 class=\"elementor-heading-title elementor-size-default\">Une anecdote m\u00e9connue, un lien durable<\/h2>\t\t\t\t<\/div>\n\t\t\t\t<\/div>\n\t\t\t\t<div class=\"elementor-element elementor-element-7178680 elementor-widget elementor-widget-text-editor\" data-id=\"7178680\" data-element_type=\"widget\" data-widget_type=\"text-editor.default\">\n\t\t\t\t<div class=\"elementor-widget-container\">\n\t\t\t\t\t\t\t\t\t<p class=\"p1\">Fait peu connu, un jeune avocat de Shawinigan nomm\u00e9 Jean Chr\u00e9tien, futur Premier ministre du Canada, a \u00e9t\u00e9 secr\u00e9taire du conseil d\u2019administration de l\u2019entreprise dans ses premi\u00e8res ann\u00e9es d\u2019existence. Il a m\u00eame r\u00e9dig\u00e9 les premiers statuts et r\u00e8glements de la charte fondatrice de Soci\u00e9t\u00e9 Chimique Laurentide. Une relation empreinte de respect s\u2019est tiss\u00e9e entre les deux hommes, qui sont rest\u00e9s en bons termes tout au long de leur vie. Ils partageaient notamment des moments privil\u00e9gi\u00e9s sur le terrain de golf priv\u00e9 du fondateur, Le M\u00e9morial \u00e0 Shawinigan, t\u00e9moignage d\u2019une amiti\u00e9 sinc\u00e8re entre deux figures marquantes de la r\u00e9gion.\u00a0<\/p><p class=\"p1\">Encore aujourd\u2019hui, son parcours vers l\u2019innovation et sa bataille pour obtenir une place dans le monde des affaires demeurent une v\u00e9ritable source d\u2019inspiration : celle du courage d\u2019innover contre vents et mar\u00e9es.<\/p>\t\t\t\t\t\t\t\t<\/div>\n\t\t\t\t<\/div>\n\t\t\t\t\t<\/div>\n\t\t\t\t<\/div>\n\t\t<div class=\"elementor-element elementor-element-5a7746e e-flex e-con-boxed e-con e-parent\" data-id=\"5a7746e\" data-element_type=\"container\">\n\t\t\t\t\t<div class=\"e-con-inner\">\n\t\t\t\t<div class=\"elementor-element elementor-element-d5c4a9a elementor-widget elementor-widget-heading\" data-id=\"d5c4a9a\" data-element_type=\"widget\" data-widget_type=\"heading.default\">\n\t\t\t\t<div class=\"elementor-widget-container\">\n\t\t\t\t\t<h2 class=\"elementor-heading-title elementor-size-default\">La vision durable d\u2019Andr\u00e9 Buisson<\/h2>\t\t\t\t<\/div>\n\t\t\t\t<\/div>\n\t\t\t\t<div class=\"elementor-element elementor-element-ecee80c elementor-widget elementor-widget-text-editor\" data-id=\"ecee80c\" data-element_type=\"widget\" data-widget_type=\"text-editor.default\">\n\t\t\t\t<div class=\"elementor-widget-container\">\n\t\t\t\t\t\t\t\t\t<p class=\"p1\">Aujourd\u2019hui, Andr\u00e9 Buisson, fils du fondateur, poursuit avec conviction l\u2019\u0153uvre initi\u00e9e il y a 75 ans. Fier de ses racines, profond\u00e9ment attach\u00e9 \u00e0 la culture qu\u00e9b\u00e9coise francophone et anim\u00e9 par une volont\u00e9 constante de faire \u00e9voluer l\u2019entreprise, il a su pr\u00e9server l\u2019essence de l\u2019h\u00e9ritage entrepreneurial tout en y insufflant une vision d\u2019innovation durable.\u00a0<\/p><p class=\"p1\">Cette vision s\u2019est pr\u00e9cis\u00e9e au fil des rencontres marquantes, notamment celle avec Normand Maurice, consid\u00e9r\u00e9 comme le p\u00e8re de la r\u00e9cup\u00e9ration au Qu\u00e9bec. Humaniste et pionnier du d\u00e9veloppement durable, Normand Maurice a profond\u00e9ment influenc\u00e9 la trajectoire de Soci\u00e9t\u00e9 Laurentide. Fondateur de Peintures r\u00e9cup\u00e9r\u00e9es du Qu\u00e9bec inc., il partageait des valeurs et une philosophie en parfaite r\u00e9sonance avec celles d\u2019Andr\u00e9 Buisson. De cette affinit\u00e9 est n\u00e9e une transformation majeure : l\u2019entreprise s\u2019est engag\u00e9e dans la r\u00e9cup\u00e9ration de peinture et la cr\u00e9ation d\u2019un produit 100 % responsable, dont la peinture Boomerang.<\/p><p class=\"p1\">Tout au long de sa carri\u00e8re, Andr\u00e9 Buisson a contribu\u00e9 \u00e0 faire \u00e9voluer les mentalit\u00e9s en pla\u00e7ant la responsabilit\u00e9 environnementale au c\u0153ur de la culture d\u2019entreprise. Cet engagement s\u2019est manifest\u00e9 bien au-del\u00e0 des murs de l\u2019organisation : il est l\u2019un des membres fondateurs d\u2019\u00c9co-Peinture, o\u00f9 il si\u00e8ge toujours au conseil d\u2019administration, une implication marquante dans la mise en place d\u2019un syst\u00e8me collectif de r\u00e9cup\u00e9ration et de valorisation des peintures au Qu\u00e9bec.\u00a0<\/p><p class=\"p1\">Cette volont\u00e9 de valoriser les mati\u00e8res r\u00e9siduelles a \u00e9galement men\u00e9 \u00e0 la cr\u00e9ation de Laurentide Environnement, une filiale de Soci\u00e9t\u00e9 Laurentide enti\u00e8rement d\u00e9di\u00e9e \u00e0 la revalorisation des produits en fin de vie et \u00e0 la mise en \u0153uvre concr\u00e8te de l\u2019\u00e9conomie circulaire.\u00a0<\/p><p class=\"p1\">Sous la direction d\u2019Andr\u00e9 Buisson, l\u2019entreprise a \u00e9largi son champ d\u2019action, misant sur l\u2019innovation responsable, la performance manufacturi\u00e8re et l\u2019int\u00e9gration de pratiques durables.\u00a0<\/p><p class=\"p1\">Reconnue pour ses solutions de peinture manufacturi\u00e8re et architecturale, Peinture Laurentide s\u2019est \u00e9galement impos\u00e9e comme un chef de file mondial dans la revalorisation de la peinture postconsommation. \u00c0 travers ses filiales, elle incarne un mod\u00e8le de d\u00e9veloppement durable qui rayonne bien au-del\u00e0 des fronti\u00e8res du Qu\u00e9bec, et qui fait aujourd\u2019hui figure de r\u00e9f\u00e9rence \u00e0 l\u2019\u00e9chelle internationale.\u00a0<\/p>\t\t\t\t\t\t\t\t<\/div>\n\t\t\t\t<\/div>\n\t\t\t\t\t<\/div>\n\t\t\t\t<\/div>\n\t\t<div class=\"elementor-element elementor-element-3592103 e-flex e-con-boxed e-con e-parent\" data-id=\"3592103\" data-element_type=\"container\">\n\t\t\t\t\t<div class=\"e-con-inner\">\n\t\t\t\t<div class=\"elementor-element elementor-element-97d630c elementor-widget elementor-widget-heading\" data-id=\"97d630c\" data-element_type=\"widget\" data-widget_type=\"heading.default\">\n\t\t\t\t<div class=\"elementor-widget-container\">\n\t\t\t\t\t<h2 class=\"elementor-heading-title elementor-size-default\">La 3e g\u00e9n\u00e9ration : une continuit\u00e9 engag\u00e9e<\/h2>\t\t\t\t<\/div>\n\t\t\t\t<\/div>\n\t\t\t\t<div class=\"elementor-element elementor-element-2583570 elementor-widget elementor-widget-text-editor\" data-id=\"2583570\" data-element_type=\"widget\" data-widget_type=\"text-editor.default\">\n\t\t\t\t<div class=\"elementor-widget-container\">\n\t\t\t\t\t\t\t\t\t<p class=\"p1\">Aujourd\u2019hui, la rel\u00e8ve est assur\u00e9e. F\u00e9lix Buisson, petit-fils du fondateur, a rejoint la direction de l\u2019entreprise en tant que vice-pr\u00e9sident ex\u00e9cutif. Port\u00e9 par la m\u00eame passion, il incarne une nouvelle g\u00e9n\u00e9ration de leadership ax\u00e9e sur la performance des produits, la rentabilit\u00e9 et la responsabilit\u00e9 environnementale.\u00a0<\/p><p class=\"p1\">Il s\u2019emploie \u00e0 int\u00e9grer les principes de l\u2019\u00e9conomie circulaire \u00e0 l\u2019ensemble de la gamme de produits, destin\u00e9e tant au secteur manufacturier qu\u2019au secteur architectural.\u00a0<\/p><p class=\"p1\">F\u00e9lix Buisson s\u2019engage ainsi \u00e0 poursuivre ce projet interg\u00e9n\u00e9rationnel avec modernit\u00e9 et ambition, afin que Peinture Laurentide demeure un fleuron qu\u00e9b\u00e9cois reconnu \u00e0 l\u2019\u00e9chelle canadienne pour son savoir-faire, sa performance et son engagement durable.<\/p>\t\t\t\t\t\t\t\t<\/div>\n\t\t\t\t<\/div>\n\t\t\t\t\t<\/div>\n\t\t\t\t<\/div>\n\t\t<div class=\"elementor-element elementor-element-b1a8994 e-flex e-con-boxed e-con e-parent\" data-id=\"b1a8994\" data-element_type=\"container\">\n\t\t\t\t\t<div class=\"e-con-inner\">\n\t\t\t\t<div class=\"elementor-element elementor-element-7e2c75f elementor-widget elementor-widget-heading\" data-id=\"7e2c75f\" data-element_type=\"widget\" data-widget_type=\"heading.default\">\n\t\t\t\t<div class=\"elementor-widget-container\">\n\t\t\t\t\t<h2 class=\"elementor-heading-title elementor-size-default\">Regarder en arri\u00e8re pour mieux avancer<\/h2>\t\t\t\t<\/div>\n\t\t\t\t<\/div>\n\t\t\t\t<div class=\"elementor-element elementor-element-137d37b elementor-widget elementor-widget-text-editor\" data-id=\"137d37b\" data-element_type=\"widget\" data-widget_type=\"text-editor.default\">\n\t\t\t\t<div class=\"elementor-widget-container\">\n\t\t\t\t\t\t\t\t\t<p class=\"p1\">C\u2019est avec fiert\u00e9 que nous rendons hommage \u00e0 Gabriel Buisson, un pionnier dont la vision continue d\u2019inspirer chacune de nos actions. Solidement enracin\u00e9e dans son histoire, mais pleinement engag\u00e9e vers l\u2019avenir, Soci\u00e9t\u00e9 Laurentide et ses filiales poursuivent leur \u00e9volution en demeurant fid\u00e8les aux valeurs qui ont forg\u00e9 leur identit\u00e9 : l\u2019innovation, la r\u00e9silience et l\u2019engagement envers la collectivit\u00e9 et l\u2019environnement.<\/p>\t\t\t\t\t\t\t\t<\/div>\n\t\t\t\t<\/div>\n\t\t\t\t\t<\/div>\n\t\t\t\t<\/div>\n\t\t\t\t<\/div>\n\t\t<section id=\"easyCookie\" class=\"ec-fixed  ec-icon   ec-double-btn\" data-expiresdays=\"180\">\n\t\t<div>\n\t\t\t<div class=\"ec-infos\">\n\t\t\t\tLe site web de Soci\u00e9t\u00e9 Laurentide utilise des t\u00e9moins de connexion (cookies) pour am\u00e9liorer votre exp\u00e9rience lorsque vous naviguez sur le site. Nous vous prions de bien vouloir prendre connaissance des pr\u00e9sentes modalit\u00e9s avant d\u2019utiliser le site web ou les services qu\u2019il offre. \/\/ We use cookies to ensure that we give you the best experience. If you continue using this website, we'll assume that you are happy about that.\n\t\t\t<\/div>\n\t\t\t<div class=\"ec-btns\">\n\t\t\t\t<a href=\"#\" class=\"ec-accept\">J'accepte \/\/ Accept<\/a>\n\t\t\t\t<a href=\"https:\/\/societelaurentide.ca\/politique-de-confidentialite-et-conditions-dutilisation\/\" class=\"ec-empty\">Voir plus \/\/ View More<\/a>\n\t\t\t<\/div>\n\t\t<\/div>\n\t<\/section>","protected":false},"excerpt":{"rendered":"<p>L\u2019h\u00e9ritage visionnaire de Gabriel Buisson, la touche francophone d\u2019Am\u00e9rique Une \u00e9pop\u00e9e qu\u00e9b\u00e9coise d\u2019innovation et de r\u00e9silience L\u2019histoire de Soci\u00e9t\u00e9 Laurentide est une v\u00e9ritable \u00e9pop\u00e9e de d\u00e9termination, d\u2019audace et d\u2019innovation. Depuis sa fondation en 1950 par Gabriel Buisson, un visionnaire originaire de Shawinigan, l\u2019entreprise s\u2019est b\u00e2tie sur le d\u00e9passement constant des limites et s\u2019est impos\u00e9e comme [&hellip;]<\/p>\n","protected":false},"author":2,"featured_media":0,"parent":138,"menu_order":0,"comment_status":"closed","ping_status":"closed","template":"","meta":{"_acf_changed":false,"footnotes":""},"class_list":["post-870","page","type-page","status-publish","hentry"],"acf":[],"aioseo_notices":[],"_links":{"self":[{"href":"https:\/\/wpdevstaging.com\/laurentide\/wp-json\/wp\/v2\/pages\/870","targetHints":{"allow":["GET"]}}],"collection":[{"href":"https:\/\/wpdevstaging.com\/laurentide\/wp-json\/wp\/v2\/pages"}],"about":[{"href":"https:\/\/wpdevstaging.com\/laurentide\/wp-json\/wp\/v2\/types\/page"}],"author":[{"embeddable":true,"href":"https:\/\/wpdevstaging.com\/laurentide\/wp-json\/wp\/v2\/users\/2"}],"replies":[{"embeddable":true,"href":"https:\/\/wpdevstaging.com\/laurentide\/wp-json\/wp\/v2\/comments?post=870"}],"version-history":[{"count":13,"href":"https:\/\/wpdevstaging.com\/laurentide\/wp-json\/wp\/v2\/pages\/870\/revisions"}],"predecessor-version":[{"id":960,"href":"https:\/\/wpdevstaging.com\/laurentide\/wp-json\/wp\/v2\/pages\/870\/revisions\/960"}],"up":[{"embeddable":true,"href":"https:\/\/wpdevstaging.com\/laurentide\/wp-json\/wp\/v2\/pages\/138"}],"wp:attachment":[{"href":"https:\/\/wpdevstaging.com\/laurentide\/wp-json\/wp\/v2\/media?parent=870"}],"curies":[{"name":"wp","href":"https:\/\/api.w.org\/{rel}","templated":true}]}}