{"id":781,"date":"2025-05-18T10:18:51","date_gmt":"2025-05-18T14:18:51","guid":{"rendered":"https:\/\/wpdevstaging.com\/laurentide\/?page_id=781"},"modified":"2025-11-16T13:26:28","modified_gmt":"2025-11-16T18:26:28","slug":"laurentide-environnement","status":"publish","type":"page","link":"https:\/\/wpdevstaging.com\/laurentide\/laurentide-environnement\/","title":{"rendered":"Laurentide Environnement"},"content":{"rendered":"\t\t<div data-elementor-type=\"wp-page\" data-elementor-id=\"781\" class=\"elementor elementor-781\" data-elementor-post-type=\"page\">\n\t\t\t\t<div class=\"elementor-element elementor-element-792fee1 e-flex e-con-boxed e-con e-parent\" data-id=\"792fee1\" data-element_type=\"container\" data-settings=\"{&quot;background_background&quot;:&quot;classic&quot;}\">\n\t\t\t\t\t<div class=\"e-con-inner\">\n\t\t<div class=\"elementor-element elementor-element-2953d01 e-con-full e-flex e-con e-child\" data-id=\"2953d01\" data-element_type=\"container\">\n\t\t\t\t<div class=\"elementor-element elementor-element-0360991 elementor-widget elementor-widget-heading\" data-id=\"0360991\" data-element_type=\"widget\" data-widget_type=\"heading.default\">\n\t\t\t\t<div class=\"elementor-widget-container\">\n\t\t\t\t\t<h2 class=\"elementor-heading-title elementor-size-default\">Notre environnement : Une valeur active.<\/h2>\t\t\t\t<\/div>\n\t\t\t\t<\/div>\n\t\t\t\t<\/div>\n\t\t\t\t\t<\/div>\n\t\t\t\t<\/div>\n\t\t<div class=\"elementor-element elementor-element-0d007bc e-flex e-con-boxed e-con e-parent\" data-id=\"0d007bc\" data-element_type=\"container\">\n\t\t\t\t\t<div class=\"e-con-inner\">\n\t\t<a class=\"elementor-element elementor-element-a572054 e-con-full e-flex e-con e-child\" data-id=\"a572054\" data-element_type=\"container\" data-settings=\"{&quot;background_background&quot;:&quot;classic&quot;}\" href=\"https:\/\/wpdevstaging.com\/laurentide\/laurentide-environnement\/service-de-tri-des-matieres\/\">\n\t\t\t\t<div class=\"elementor-element elementor-element-347913b elementor-widget elementor-widget-heading\" data-id=\"347913b\" data-element_type=\"widget\" data-widget_type=\"heading.default\">\n\t\t\t\t<div class=\"elementor-widget-container\">\n\t\t\t\t\t<h2 class=\"elementor-heading-title elementor-size-default\">Service de tri <br>des mati\u00e8res<\/h2>\t\t\t\t<\/div>\n\t\t\t\t<\/div>\n\t\t\t\t<\/a>\n\t\t<a class=\"elementor-element elementor-element-e256115 e-con-full e-flex e-con e-child\" data-id=\"e256115\" data-element_type=\"container\" data-settings=\"{&quot;background_background&quot;:&quot;classic&quot;}\" href=\"https:\/\/wpdevstaging.com\/laurentide\/laurentide-environnement\/\">\n\t\t\t\t<div class=\"elementor-element elementor-element-9fb1157 elementor-widget elementor-widget-heading\" data-id=\"9fb1157\" data-element_type=\"widget\" data-widget_type=\"heading.default\">\n\t\t\t\t<div class=\"elementor-widget-container\">\n\t\t\t\t\t<h2 class=\"elementor-heading-title elementor-size-default\">Service de valorisation<br>des mati\u00e8res<\/h2>\t\t\t\t<\/div>\n\t\t\t\t<\/div>\n\t\t\t\t<\/a>\n\t\t<a class=\"elementor-element elementor-element-5454f29 e-con-full e-flex e-con e-child\" data-id=\"5454f29\" data-element_type=\"container\" data-settings=\"{&quot;background_background&quot;:&quot;classic&quot;}\" href=\"https:\/\/wpdevstaging.com\/laurentide\/laurentide-environnement\/solution-logistique-transbac\/\">\n\t\t\t\t<div class=\"elementor-element elementor-element-3f02781 elementor-widget elementor-widget-heading\" data-id=\"3f02781\" data-element_type=\"widget\" data-widget_type=\"heading.default\">\n\t\t\t\t<div class=\"elementor-widget-container\">\n\t\t\t\t\t<h2 class=\"elementor-heading-title elementor-size-default\">Transbac<br>Solution logistique<\/h2>\t\t\t\t<\/div>\n\t\t\t\t<\/div>\n\t\t\t\t<\/a>\n\t\t\t\t\t<\/div>\n\t\t\t\t<\/div>\n\t\t<div class=\"elementor-element elementor-element-1f2709b e-flex e-con-boxed e-con e-parent\" data-id=\"1f2709b\" data-element_type=\"container\">\n\t\t\t\t\t<div class=\"e-con-inner\">\n\t\t\t\t<div class=\"elementor-element elementor-element-afea138 elementor-widget elementor-widget-image\" data-id=\"afea138\" data-element_type=\"widget\" data-widget_type=\"image.default\">\n\t\t\t\t<div class=\"elementor-widget-container\">\n\t\t\t\t\t\t\t\t\t\t\t\t\t\t\t<img fetchpriority=\"high\" decoding=\"async\" width=\"893\" height=\"314\" src=\"https:\/\/wpdevstaging.com\/laurentide\/wp-content\/uploads\/2025\/03\/LaurentideEnvironnementRVB_logo.png\" class=\"attachment-full size-full wp-image-640\" alt=\"\" srcset=\"https:\/\/wpdevstaging.com\/laurentide\/wp-content\/uploads\/2025\/03\/LaurentideEnvironnementRVB_logo.png 893w, https:\/\/wpdevstaging.com\/laurentide\/wp-content\/uploads\/2025\/03\/LaurentideEnvironnementRVB_logo-300x105.png 300w, https:\/\/wpdevstaging.com\/laurentide\/wp-content\/uploads\/2025\/03\/LaurentideEnvironnementRVB_logo-768x270.png 768w\" sizes=\"(max-width: 893px) 100vw, 893px\" \/>\t\t\t\t\t\t\t\t\t\t\t\t\t\t\t<\/div>\n\t\t\t\t<\/div>\n\t\t\t\t<div class=\"elementor-element elementor-element-c8f193d elementor-widget elementor-widget-text-editor\" data-id=\"c8f193d\" data-element_type=\"widget\" data-widget_type=\"text-editor.default\">\n\t\t\t\t<div class=\"elementor-widget-container\">\n\t\t\t\t\t\t\t\t\t<h5><strong>La mission de Laurentide Environnement : maximiser la valeur des mati\u00e8res recyclables et prolonger le cycle de vie utile des produits pour r\u00e9duire leur impact environnemental<\/strong><\/h5>\t\t\t\t\t\t\t\t<\/div>\n\t\t\t\t<\/div>\n\t\t\t\t<div class=\"elementor-element elementor-element-e73c236 elementor-widget elementor-widget-text-editor\" data-id=\"e73c236\" data-element_type=\"widget\" data-widget_type=\"text-editor.default\">\n\t\t\t\t<div class=\"elementor-widget-container\">\n\t\t\t\t\t\t\t\t\t<p><span style=\"font-weight: 400;\">Depuis 30 ans, Laurentide Environnement a d\u00e9velopp\u00e9 une expertise en valorisation des mati\u00e8res, propuls\u00e9e par notre mission fondamentale de maximiser la valeur des mati\u00e8res recyclables et prolonger le cycle de vie utile des produits pour r\u00e9duire leur impact environnemental.<\/span><\/p><p><span style=\"font-weight: 400;\">\u00c0 nos usines de Shawinigan, nous trions, empaquetons les mati\u00e8res et les acheminons vers des entreprises d\u00e9sireuses de leur donner une seconde vie, r\u00e9duisant ainsi le gaspillage et \u00e9vitant une fin de vie dans les sites d\u2019enfouissement.\u00a0<\/span><\/p><p><span style=\"font-weight: 400;\">Gr\u00e2ce \u00e0 notre programme de logistique de transport cr\u00e9\u00e9 et g\u00e9r\u00e9 par Laurentide Environnement, nomm\u00e9 TRANSBAC, nous pouvons \u00e9galement assurer la collecte des mati\u00e8res recyclables que nous trions.<\/span><\/p><p><span style=\"font-weight: 400;\">Vous souhaitez mettre sur pied un projet qui implique la valorisation d\u2019une mati\u00e8re? Laurentide Environnement repr\u00e9sente votre partenaire de confiance dans la r\u00e9alisation de ce projet. Faites \u00e0 appel \u00e0 notre expertise!<\/span><\/p><p><span style=\"font-weight: 400;\">Vous \u00eates \u00e0 la recherche d\u2019une mati\u00e8re recycl\u00e9e? Notre exp\u00e9rience de 30 ans nous a permis de d\u00e9velopper des relations privil\u00e9gi\u00e9es avec les acteurs du milieu. Nous connaissons l\u2019industrie des mati\u00e8res recyclables, nous pouvons vous aider \u00e0 trouver la mati\u00e8re d\u00e9sir\u00e9e et vous mettre en contact avec les bonnes ressources.\u00a0<\/span><\/p><p><span style=\"font-weight: 400;\">Contactez-nous! Nous avons h\u00e2te d\u2019en apprendre davantage sur votre projet!<\/span><\/p>\t\t\t\t\t\t\t\t<\/div>\n\t\t\t\t<\/div>\n\t\t\t\t\t<\/div>\n\t\t\t\t<\/div>\n\t\t<div class=\"elementor-element elementor-element-67fe9c4 e-flex e-con-boxed e-con e-parent\" data-id=\"67fe9c4\" data-element_type=\"container\">\n\t\t\t\t\t<div class=\"e-con-inner\">\n\t\t\t\t<div class=\"elementor-element elementor-element-b0df2a3 elementor-widget elementor-widget-spacer\" data-id=\"b0df2a3\" data-element_type=\"widget\" data-widget_type=\"spacer.default\">\n\t\t\t\t<div class=\"elementor-widget-container\">\n\t\t\t\t\t\t\t<div class=\"elementor-spacer\">\n\t\t\t<div class=\"elementor-spacer-inner\"><\/div>\n\t\t<\/div>\n\t\t\t\t\t\t<\/div>\n\t\t\t\t<\/div>\n\t\t\t\t\t<\/div>\n\t\t\t\t<\/div>\n\t\t\t\t<\/div>\n\t\t<section id=\"easyCookie\" class=\"ec-fixed  ec-icon   ec-double-btn\" data-expiresdays=\"180\">\n\t\t<div>\n\t\t\t<div class=\"ec-infos\">\n\t\t\t\tLe site web de Soci\u00e9t\u00e9 Laurentide utilise des t\u00e9moins de connexion (cookies) pour am\u00e9liorer votre exp\u00e9rience lorsque vous naviguez sur le site. Nous vous prions de bien vouloir prendre connaissance des pr\u00e9sentes modalit\u00e9s avant d\u2019utiliser le site web ou les services qu\u2019il offre. \/\/ We use cookies to ensure that we give you the best experience. If you continue using this website, we'll assume that you are happy about that.\n\t\t\t<\/div>\n\t\t\t<div class=\"ec-btns\">\n\t\t\t\t<a href=\"#\" class=\"ec-accept\">J'accepte \/\/ Accept<\/a>\n\t\t\t\t<a href=\"https:\/\/societelaurentide.ca\/politique-de-confidentialite-et-conditions-dutilisation\/\" class=\"ec-empty\">Voir plus \/\/ View More<\/a>\n\t\t\t<\/div>\n\t\t<\/div>\n\t<\/section>","protected":false},"excerpt":{"rendered":"<p>Notre environnement : Une valeur active. Service de tri des mati\u00e8res Service de valorisationdes mati\u00e8res TransbacSolution logistique La mission de Laurentide Environnement : maximiser la valeur des mati\u00e8res recyclables et prolonger le cycle de vie utile des produits pour r\u00e9duire leur impact environnemental Depuis 30 ans, Laurentide Environnement a d\u00e9velopp\u00e9 une expertise en valorisation des [&hellip;]<\/p>\n","protected":false},"author":2,"featured_media":0,"parent":0,"menu_order":0,"comment_status":"closed","ping_status":"closed","template":"","meta":{"_acf_changed":false,"footnotes":""},"class_list":["post-781","page","type-page","status-publish","hentry"],"acf":[],"aioseo_notices":[],"_links":{"self":[{"href":"https:\/\/wpdevstaging.com\/laurentide\/wp-json\/wp\/v2\/pages\/781","targetHints":{"allow":["GET"]}}],"collection":[{"href":"https:\/\/wpdevstaging.com\/laurentide\/wp-json\/wp\/v2\/pages"}],"about":[{"href":"https:\/\/wpdevstaging.com\/laurentide\/wp-json\/wp\/v2\/types\/page"}],"author":[{"embeddable":true,"href":"https:\/\/wpdevstaging.com\/laurentide\/wp-json\/wp\/v2\/users\/2"}],"replies":[{"embeddable":true,"href":"https:\/\/wpdevstaging.com\/laurentide\/wp-json\/wp\/v2\/comments?post=781"}],"version-history":[{"count":31,"href":"https:\/\/wpdevstaging.com\/laurentide\/wp-json\/wp\/v2\/pages\/781\/revisions"}],"predecessor-version":[{"id":6352,"href":"https:\/\/wpdevstaging.com\/laurentide\/wp-json\/wp\/v2\/pages\/781\/revisions\/6352"}],"wp:attachment":[{"href":"https:\/\/wpdevstaging.com\/laurentide\/wp-json\/wp\/v2\/media?parent=781"}],"curies":[{"name":"wp","href":"https:\/\/api.w.org\/{rel}","templated":true}]}}