{"id":772,"date":"2025-05-18T10:15:35","date_gmt":"2025-05-18T14:15:35","guid":{"rendered":"https:\/\/wpdevstaging.com\/laurentide\/?page_id=772"},"modified":"2025-11-16T13:27:16","modified_gmt":"2025-11-16T18:27:16","slug":"solution-logistique-transbac","status":"publish","type":"page","link":"https:\/\/wpdevstaging.com\/laurentide\/laurentide-environnement\/solution-logistique-transbac\/","title":{"rendered":"Solution logistique Transbac"},"content":{"rendered":"\t\t<div data-elementor-type=\"wp-page\" data-elementor-id=\"772\" class=\"elementor elementor-772\" data-elementor-post-type=\"page\">\n\t\t\t\t<div class=\"elementor-element elementor-element-792fee1 e-flex e-con-boxed e-con e-parent\" data-id=\"792fee1\" data-element_type=\"container\" data-settings=\"{&quot;background_background&quot;:&quot;classic&quot;}\">\n\t\t\t\t\t<div class=\"e-con-inner\">\n\t\t\t\t\t<\/div>\n\t\t\t\t<\/div>\n\t\t<div class=\"elementor-element elementor-element-0d007bc e-flex e-con-boxed e-con e-parent\" data-id=\"0d007bc\" data-element_type=\"container\">\n\t\t\t\t\t<div class=\"e-con-inner\">\n\t\t<a class=\"elementor-element elementor-element-a572054 e-con-full e-flex e-con e-child\" data-id=\"a572054\" data-element_type=\"container\" data-settings=\"{&quot;background_background&quot;:&quot;classic&quot;}\" href=\"https:\/\/wpdevstaging.com\/laurentide\/laurentide-environnement\/service-de-tri-des-matieres\/\">\n\t\t\t\t<div class=\"elementor-element elementor-element-347913b elementor-widget elementor-widget-heading\" data-id=\"347913b\" data-element_type=\"widget\" data-widget_type=\"heading.default\">\n\t\t\t\t<div class=\"elementor-widget-container\">\n\t\t\t\t\t<h2 class=\"elementor-heading-title elementor-size-default\">Service de tri <br>des mati\u00e8res<\/h2>\t\t\t\t<\/div>\n\t\t\t\t<\/div>\n\t\t\t\t<\/a>\n\t\t<a class=\"elementor-element elementor-element-e256115 e-con-full e-flex e-con e-child\" data-id=\"e256115\" data-element_type=\"container\" data-settings=\"{&quot;background_background&quot;:&quot;classic&quot;}\" href=\"https:\/\/wpdevstaging.com\/laurentide\/laurentide-environnement\/services-de-valorisation-des-matieres\/\">\n\t\t\t\t<div class=\"elementor-element elementor-element-9fb1157 elementor-widget elementor-widget-heading\" data-id=\"9fb1157\" data-element_type=\"widget\" data-widget_type=\"heading.default\">\n\t\t\t\t<div class=\"elementor-widget-container\">\n\t\t\t\t\t<h2 class=\"elementor-heading-title elementor-size-default\">Service de valorisation<br>des mati\u00e8res<\/h2>\t\t\t\t<\/div>\n\t\t\t\t<\/div>\n\t\t\t\t<\/a>\n\t\t<a class=\"elementor-element elementor-element-5454f29 e-con-full e-flex e-con e-child\" data-id=\"5454f29\" data-element_type=\"container\" data-settings=\"{&quot;background_background&quot;:&quot;classic&quot;}\" href=\"https:\/\/wpdevstaging.com\/laurentide\/peinture-laurentide\/exportation-sur-mesure\/\">\n\t\t\t\t<div class=\"elementor-element elementor-element-3f02781 elementor-widget elementor-widget-heading\" data-id=\"3f02781\" data-element_type=\"widget\" data-widget_type=\"heading.default\">\n\t\t\t\t<div class=\"elementor-widget-container\">\n\t\t\t\t\t<h2 class=\"elementor-heading-title elementor-size-default\">Transbac<br>Solution logistique<\/h2>\t\t\t\t<\/div>\n\t\t\t\t<\/div>\n\t\t\t\t<\/a>\n\t\t\t\t\t<\/div>\n\t\t\t\t<\/div>\n\t\t<div class=\"elementor-element elementor-element-1f2709b e-flex e-con-boxed e-con e-parent\" data-id=\"1f2709b\" data-element_type=\"container\">\n\t\t\t\t\t<div class=\"e-con-inner\">\n\t\t\t\t<div class=\"elementor-element elementor-element-afea138 elementor-widget elementor-widget-image\" data-id=\"afea138\" data-element_type=\"widget\" data-widget_type=\"image.default\">\n\t\t\t\t<div class=\"elementor-widget-container\">\n\t\t\t\t\t\t\t\t\t\t\t\t\t\t\t<img fetchpriority=\"high\" decoding=\"async\" width=\"1150\" height=\"300\" src=\"https:\/\/wpdevstaging.com\/laurentide\/wp-content\/uploads\/2025\/05\/LogoTransbacCompactCouleur.png\" class=\"attachment-full size-full wp-image-774\" alt=\"\" srcset=\"https:\/\/wpdevstaging.com\/laurentide\/wp-content\/uploads\/2025\/05\/LogoTransbacCompactCouleur.png 1150w, https:\/\/wpdevstaging.com\/laurentide\/wp-content\/uploads\/2025\/05\/LogoTransbacCompactCouleur-300x78.png 300w, https:\/\/wpdevstaging.com\/laurentide\/wp-content\/uploads\/2025\/05\/LogoTransbacCompactCouleur-1024x267.png 1024w, https:\/\/wpdevstaging.com\/laurentide\/wp-content\/uploads\/2025\/05\/LogoTransbacCompactCouleur-768x200.png 768w\" sizes=\"(max-width: 1150px) 100vw, 1150px\" \/>\t\t\t\t\t\t\t\t\t\t\t\t\t\t\t<\/div>\n\t\t\t\t<\/div>\n\t\t\t\t<div class=\"elementor-element elementor-element-e73c236 elementor-widget elementor-widget-text-editor\" data-id=\"e73c236\" data-element_type=\"widget\" data-widget_type=\"text-editor.default\">\n\t\t\t\t<div class=\"elementor-widget-container\">\n\t\t\t\t\t\t\t\t\t<p><span style=\"font-weight: 400;\">Qu\u2019est-ce que TRANSBAC? C\u2019est le programme de logistique de transport cr\u00e9\u00e9 et g\u00e9r\u00e9 par Laurentide Environnement, qui assure la collecte des mati\u00e8res recyclables que nous trions. TRANSBAC propose une plateforme en ligne pour tous les milieux disposant de bacs de ramassage. L&rsquo;outil facilite, notamment, la demande de cueillette.<\/span><\/p><p><span style=\"font-weight: 400;\">Transbac se distingue des autres programmes de transport traditionnels, puisque son fonctionnement consiste plut\u00f4t \u00e0 livrer des contenants de d\u00e9p\u00f4ts de mati\u00e8res recyclables vides et de rapporter les contenants pleins dans les centres de tri de Laurentide Environnement.\u00a0<\/span><\/p>\t\t\t\t\t\t\t\t<\/div>\n\t\t\t\t<\/div>\n\t\t\t\t\t<\/div>\n\t\t\t\t<\/div>\n\t\t<div class=\"elementor-element elementor-element-4500f8f e-flex e-con-boxed e-con e-parent\" data-id=\"4500f8f\" data-element_type=\"container\">\n\t\t\t\t\t<div class=\"e-con-inner\">\n\t\t<div class=\"elementor-element elementor-element-3486aa8 e-con-full e-flex e-con e-child\" data-id=\"3486aa8\" data-element_type=\"container\">\n\t\t\t\t<div class=\"elementor-element elementor-element-7472bc5 elementor-widget elementor-widget-image\" data-id=\"7472bc5\" data-element_type=\"widget\" data-widget_type=\"image.default\">\n\t\t\t\t<div class=\"elementor-widget-container\">\n\t\t\t\t\t\t\t\t\t\t\t\t\t\t\t\t<a href=\"https:\/\/transbac.com\/\" target=\"_blank\">\n\t\t\t\t\t\t\t<img decoding=\"async\" width=\"800\" height=\"415\" src=\"https:\/\/wpdevstaging.com\/laurentide\/wp-content\/uploads\/2025\/05\/Capture-decran-le-2025-05-18-a-10.06.54-1024x531.png\" class=\"attachment-large size-large wp-image-776\" alt=\"\" srcset=\"https:\/\/wpdevstaging.com\/laurentide\/wp-content\/uploads\/2025\/05\/Capture-decran-le-2025-05-18-a-10.06.54-1024x531.png 1024w, https:\/\/wpdevstaging.com\/laurentide\/wp-content\/uploads\/2025\/05\/Capture-decran-le-2025-05-18-a-10.06.54-300x155.png 300w, https:\/\/wpdevstaging.com\/laurentide\/wp-content\/uploads\/2025\/05\/Capture-decran-le-2025-05-18-a-10.06.54-768x398.png 768w, https:\/\/wpdevstaging.com\/laurentide\/wp-content\/uploads\/2025\/05\/Capture-decran-le-2025-05-18-a-10.06.54-1536x796.png 1536w, https:\/\/wpdevstaging.com\/laurentide\/wp-content\/uploads\/2025\/05\/Capture-decran-le-2025-05-18-a-10.06.54-2048x1061.png 2048w\" sizes=\"(max-width: 800px) 100vw, 800px\" \/>\t\t\t\t\t\t\t\t<\/a>\n\t\t\t\t\t\t\t\t\t\t\t\t\t\t\t<\/div>\n\t\t\t\t<\/div>\n\t\t\t\t<\/div>\n\t\t<div class=\"elementor-element elementor-element-6982743 e-con-full e-flex e-con e-child\" data-id=\"6982743\" data-element_type=\"container\">\n\t\t\t\t<div class=\"elementor-element elementor-element-2651ad0 elementor-widget elementor-widget-image\" data-id=\"2651ad0\" data-element_type=\"widget\" data-widget_type=\"image.default\">\n\t\t\t\t<div class=\"elementor-widget-container\">\n\t\t\t\t\t\t\t\t\t\t\t\t\t\t\t<img decoding=\"async\" width=\"800\" height=\"415\" src=\"https:\/\/wpdevstaging.com\/laurentide\/wp-content\/uploads\/2025\/05\/transbac1-1024x531.jpg\" class=\"attachment-large size-large wp-image-777\" alt=\"\" srcset=\"https:\/\/wpdevstaging.com\/laurentide\/wp-content\/uploads\/2025\/05\/transbac1-1024x531.jpg 1024w, https:\/\/wpdevstaging.com\/laurentide\/wp-content\/uploads\/2025\/05\/transbac1-300x155.jpg 300w, https:\/\/wpdevstaging.com\/laurentide\/wp-content\/uploads\/2025\/05\/transbac1-768x398.jpg 768w, https:\/\/wpdevstaging.com\/laurentide\/wp-content\/uploads\/2025\/05\/transbac1-1536x796.jpg 1536w, https:\/\/wpdevstaging.com\/laurentide\/wp-content\/uploads\/2025\/05\/transbac1-2048x1061.jpg 2048w\" sizes=\"(max-width: 800px) 100vw, 800px\" \/>\t\t\t\t\t\t\t\t\t\t\t\t\t\t\t<\/div>\n\t\t\t\t<\/div>\n\t\t\t\t<\/div>\n\t\t\t\t\t<\/div>\n\t\t\t\t<\/div>\n\t\t<div class=\"elementor-element elementor-element-9afd668 e-flex e-con-boxed e-con e-parent\" data-id=\"9afd668\" data-element_type=\"container\">\n\t\t\t\t\t<div class=\"e-con-inner\">\n\t\t\t\t<div class=\"elementor-element elementor-element-09d82ad elementor-widget elementor-widget-spacer\" data-id=\"09d82ad\" data-element_type=\"widget\" data-widget_type=\"spacer.default\">\n\t\t\t\t<div class=\"elementor-widget-container\">\n\t\t\t\t\t\t\t<div class=\"elementor-spacer\">\n\t\t\t<div class=\"elementor-spacer-inner\"><\/div>\n\t\t<\/div>\n\t\t\t\t\t\t<\/div>\n\t\t\t\t<\/div>\n\t\t\t\t\t<\/div>\n\t\t\t\t<\/div>\n\t\t\t\t<\/div>\n\t\t<section id=\"easyCookie\" class=\"ec-fixed  ec-icon   ec-double-btn\" data-expiresdays=\"180\">\n\t\t<div>\n\t\t\t<div class=\"ec-infos\">\n\t\t\t\tLe site web de Soci\u00e9t\u00e9 Laurentide utilise des t\u00e9moins de connexion (cookies) pour am\u00e9liorer votre exp\u00e9rience lorsque vous naviguez sur le site. Nous vous prions de bien vouloir prendre connaissance des pr\u00e9sentes modalit\u00e9s avant d\u2019utiliser le site web ou les services qu\u2019il offre. \/\/ We use cookies to ensure that we give you the best experience. If you continue using this website, we'll assume that you are happy about that.\n\t\t\t<\/div>\n\t\t\t<div class=\"ec-btns\">\n\t\t\t\t<a href=\"#\" class=\"ec-accept\">J'accepte \/\/ Accept<\/a>\n\t\t\t\t<a href=\"https:\/\/societelaurentide.ca\/politique-de-confidentialite-et-conditions-dutilisation\/\" class=\"ec-empty\">Voir plus \/\/ View More<\/a>\n\t\t\t<\/div>\n\t\t<\/div>\n\t<\/section>","protected":false},"excerpt":{"rendered":"<p>Service de tri des mati\u00e8res Service de valorisationdes mati\u00e8res TransbacSolution logistique Qu\u2019est-ce que TRANSBAC? C\u2019est le programme de logistique de transport cr\u00e9\u00e9 et g\u00e9r\u00e9 par Laurentide Environnement, qui assure la collecte des mati\u00e8res recyclables que nous trions. TRANSBAC propose une plateforme en ligne pour tous les milieux disposant de bacs de ramassage. L&rsquo;outil facilite, notamment, [&hellip;]<\/p>\n","protected":false},"author":2,"featured_media":0,"parent":781,"menu_order":0,"comment_status":"closed","ping_status":"closed","template":"","meta":{"_acf_changed":false,"footnotes":""},"class_list":["post-772","page","type-page","status-publish","hentry"],"acf":[],"aioseo_notices":[],"_links":{"self":[{"href":"https:\/\/wpdevstaging.com\/laurentide\/wp-json\/wp\/v2\/pages\/772","targetHints":{"allow":["GET"]}}],"collection":[{"href":"https:\/\/wpdevstaging.com\/laurentide\/wp-json\/wp\/v2\/pages"}],"about":[{"href":"https:\/\/wpdevstaging.com\/laurentide\/wp-json\/wp\/v2\/types\/page"}],"author":[{"embeddable":true,"href":"https:\/\/wpdevstaging.com\/laurentide\/wp-json\/wp\/v2\/users\/2"}],"replies":[{"embeddable":true,"href":"https:\/\/wpdevstaging.com\/laurentide\/wp-json\/wp\/v2\/comments?post=772"}],"version-history":[{"count":37,"href":"https:\/\/wpdevstaging.com\/laurentide\/wp-json\/wp\/v2\/pages\/772\/revisions"}],"predecessor-version":[{"id":6355,"href":"https:\/\/wpdevstaging.com\/laurentide\/wp-json\/wp\/v2\/pages\/772\/revisions\/6355"}],"up":[{"embeddable":true,"href":"https:\/\/wpdevstaging.com\/laurentide\/wp-json\/wp\/v2\/pages\/781"}],"wp:attachment":[{"href":"https:\/\/wpdevstaging.com\/laurentide\/wp-json\/wp\/v2\/media?parent=772"}],"curies":[{"name":"wp","href":"https:\/\/api.w.org\/{rel}","templated":true}]}}