{"id":635,"date":"2025-03-05T11:58:08","date_gmt":"2025-03-05T16:58:08","guid":{"rendered":"https:\/\/wpdevstaging.com\/laurentide\/?page_id=635"},"modified":"2025-11-15T12:25:24","modified_gmt":"2025-11-15T17:25:24","slug":"service-de-tri-des-matieres","status":"publish","type":"page","link":"https:\/\/wpdevstaging.com\/laurentide\/laurentide-environnement\/service-de-tri-des-matieres\/","title":{"rendered":"Service de tri des mati\u00e8res"},"content":{"rendered":"\t\t<div data-elementor-type=\"wp-page\" data-elementor-id=\"635\" class=\"elementor elementor-635\" data-elementor-post-type=\"page\">\n\t\t\t\t<div class=\"elementor-element elementor-element-792fee1 e-flex e-con-boxed e-con e-parent\" data-id=\"792fee1\" data-element_type=\"container\" data-settings=\"{&quot;background_background&quot;:&quot;classic&quot;}\">\n\t\t\t\t\t<div class=\"e-con-inner\">\n\t\t\t\t\t<\/div>\n\t\t\t\t<\/div>\n\t\t<div class=\"elementor-element elementor-element-0d007bc e-flex e-con-boxed e-con e-parent\" data-id=\"0d007bc\" data-element_type=\"container\">\n\t\t\t\t\t<div class=\"e-con-inner\">\n\t\t<div class=\"elementor-element elementor-element-a572054 e-con-full e-flex e-con e-child\" data-id=\"a572054\" data-element_type=\"container\" data-settings=\"{&quot;background_background&quot;:&quot;classic&quot;}\">\n\t\t\t\t<div class=\"elementor-element elementor-element-347913b elementor-widget elementor-widget-heading\" data-id=\"347913b\" data-element_type=\"widget\" data-widget_type=\"heading.default\">\n\t\t\t\t<div class=\"elementor-widget-container\">\n\t\t\t\t\t<h2 class=\"elementor-heading-title elementor-size-default\">Service de tri <br>des mati\u00e8res<\/h2>\t\t\t\t<\/div>\n\t\t\t\t<\/div>\n\t\t\t\t<\/div>\n\t\t<a class=\"elementor-element elementor-element-e256115 e-con-full e-flex e-con e-child\" data-id=\"e256115\" data-element_type=\"container\" data-settings=\"{&quot;background_background&quot;:&quot;classic&quot;}\" href=\"https:\/\/wpdevstaging.com\/laurentide\/laurentide-environnement\/services-de-valorisation-des-matieres\/\">\n\t\t\t\t<div class=\"elementor-element elementor-element-9fb1157 elementor-widget elementor-widget-heading\" data-id=\"9fb1157\" data-element_type=\"widget\" data-widget_type=\"heading.default\">\n\t\t\t\t<div class=\"elementor-widget-container\">\n\t\t\t\t\t<h2 class=\"elementor-heading-title elementor-size-default\">Service de valorisation<br>des mati\u00e8res<\/h2>\t\t\t\t<\/div>\n\t\t\t\t<\/div>\n\t\t\t\t<\/a>\n\t\t<a class=\"elementor-element elementor-element-5454f29 e-con-full e-flex e-con e-child\" data-id=\"5454f29\" data-element_type=\"container\" data-settings=\"{&quot;background_background&quot;:&quot;classic&quot;}\" href=\"https:\/\/wpdevstaging.com\/laurentide\/laurentide-environnement\/solution-logistique-transbac\/\">\n\t\t\t\t<div class=\"elementor-element elementor-element-3f02781 elementor-widget elementor-widget-heading\" data-id=\"3f02781\" data-element_type=\"widget\" data-widget_type=\"heading.default\">\n\t\t\t\t<div class=\"elementor-widget-container\">\n\t\t\t\t\t<h2 class=\"elementor-heading-title elementor-size-default\">Transbac<br>Solution logistique<\/h2>\t\t\t\t<\/div>\n\t\t\t\t<\/div>\n\t\t\t\t<\/a>\n\t\t\t\t\t<\/div>\n\t\t\t\t<\/div>\n\t\t<div class=\"elementor-element elementor-element-1f2709b e-flex e-con-boxed e-con e-parent\" data-id=\"1f2709b\" data-element_type=\"container\">\n\t\t\t\t\t<div class=\"e-con-inner\">\n\t\t\t\t<div class=\"elementor-element elementor-element-afea138 elementor-widget elementor-widget-image\" data-id=\"afea138\" data-element_type=\"widget\" data-widget_type=\"image.default\">\n\t\t\t\t<div class=\"elementor-widget-container\">\n\t\t\t\t\t\t\t\t\t\t\t\t\t\t\t<img fetchpriority=\"high\" decoding=\"async\" width=\"893\" height=\"314\" src=\"https:\/\/wpdevstaging.com\/laurentide\/wp-content\/uploads\/2025\/03\/LaurentideEnvironnementRVB_logo.png\" class=\"attachment-full size-full wp-image-640\" alt=\"\" srcset=\"https:\/\/wpdevstaging.com\/laurentide\/wp-content\/uploads\/2025\/03\/LaurentideEnvironnementRVB_logo.png 893w, https:\/\/wpdevstaging.com\/laurentide\/wp-content\/uploads\/2025\/03\/LaurentideEnvironnementRVB_logo-300x105.png 300w, https:\/\/wpdevstaging.com\/laurentide\/wp-content\/uploads\/2025\/03\/LaurentideEnvironnementRVB_logo-768x270.png 768w\" sizes=\"(max-width: 893px) 100vw, 893px\" \/>\t\t\t\t\t\t\t\t\t\t\t\t\t\t\t<\/div>\n\t\t\t\t<\/div>\n\t\t\t\t<div class=\"elementor-element elementor-element-c8f193d elementor-widget elementor-widget-text-editor\" data-id=\"c8f193d\" data-element_type=\"widget\" data-widget_type=\"text-editor.default\">\n\t\t\t\t<div class=\"elementor-widget-container\">\n\t\t\t\t\t\t\t\t\t<h5><strong>La mission de Laurentide Environnement : maximiser la valeur des mati\u00e8res recyclables et prolonger le cycle de vie utile des produits pour r\u00e9duire leur impact environnemental<\/strong><\/h5>\t\t\t\t\t\t\t\t<\/div>\n\t\t\t\t<\/div>\n\t\t\t\t<div class=\"elementor-element elementor-element-e73c236 elementor-widget elementor-widget-text-editor\" data-id=\"e73c236\" data-element_type=\"widget\" data-widget_type=\"text-editor.default\">\n\t\t\t\t<div class=\"elementor-widget-container\">\n\t\t\t\t\t\t\t\t\t<p><span style=\"font-weight: 400;\">Les d\u00e9fis reli\u00e9s au d\u00e9veloppement durable sont un moteur d\u2019innovation pour Laurentide Environnement. Filiale de Soci\u00e9t\u00e9 Laurentide, nous avons pour objectif de d\u00e9river des sites d\u2019enfouissement des produits nocifs afin de pouvoir leur donner une 2e vie lorsque possible, de participer \u00e0 l\u2019effort de protection de notre environnement et \u00e0 l&rsquo;\u00e9conomie circulaire.<\/span><\/p>\t\t\t\t\t\t\t\t<\/div>\n\t\t\t\t<\/div>\n\t\t\t\t<div class=\"elementor-element elementor-element-b13512f elementor-widget elementor-widget-text-editor\" data-id=\"b13512f\" data-element_type=\"widget\" data-widget_type=\"text-editor.default\">\n\t\t\t\t<div class=\"elementor-widget-container\">\n\t\t\t\t\t\t\t\t\t<p><i><span style=\"font-weight: 400;\">Chez Laurentide Environnement, nous avons fait le choix de faire partie de la solution environnementale, et non du probl\u00e8me! C\u2019est un projet de soci\u00e9t\u00e9 qui nous tient \u00e0 c\u0153ur et vous \u00eates tous invit\u00e9s \u00e0 y prendre part!<\/span><\/i><\/p>\t\t\t\t\t\t\t\t<\/div>\n\t\t\t\t<\/div>\n\t\t\t\t\t<\/div>\n\t\t\t\t<\/div>\n\t\t<div class=\"elementor-element elementor-element-c4cf484 e-flex e-con-boxed e-con e-parent\" data-id=\"c4cf484\" data-element_type=\"container\">\n\t\t\t\t\t<div class=\"e-con-inner\">\n\t\t<div class=\"elementor-element elementor-element-c9e843e e-con-full e-flex e-con e-child\" data-id=\"c9e843e\" data-element_type=\"container\">\n\t\t\t\t<div class=\"elementor-element elementor-element-5322e78 elementor-widget elementor-widget-heading\" data-id=\"5322e78\" data-element_type=\"widget\" data-widget_type=\"heading.default\">\n\t\t\t\t<div class=\"elementor-widget-container\">\n\t\t\t\t\t<h2 class=\"elementor-heading-title elementor-size-default\">Peinture postconsommation<\/h2>\t\t\t\t<\/div>\n\t\t\t\t<\/div>\n\t\t\t\t<div class=\"elementor-element elementor-element-b8c054e elementor-widget elementor-widget-image\" data-id=\"b8c054e\" data-element_type=\"widget\" data-widget_type=\"image.default\">\n\t\t\t\t<div class=\"elementor-widget-container\">\n\t\t\t\t\t\t\t\t\t\t\t\t\t\t\t\t<a href=\"https:\/\/wpdevstaging.com\/laurentide\/laurentide-environnement\/peinture-postconsommation\">\n\t\t\t\t\t\t\t<img decoding=\"async\" width=\"800\" height=\"450\" src=\"https:\/\/wpdevstaging.com\/laurentide\/wp-content\/uploads\/2025\/11\/PL579_siteWeb_Image_Peinture-1024x576.jpg\" class=\"attachment-large size-large wp-image-1289\" alt=\"\" srcset=\"https:\/\/wpdevstaging.com\/laurentide\/wp-content\/uploads\/2025\/11\/PL579_siteWeb_Image_Peinture-1024x576.jpg 1024w, https:\/\/wpdevstaging.com\/laurentide\/wp-content\/uploads\/2025\/11\/PL579_siteWeb_Image_Peinture-300x169.jpg 300w, https:\/\/wpdevstaging.com\/laurentide\/wp-content\/uploads\/2025\/11\/PL579_siteWeb_Image_Peinture-768x432.jpg 768w, https:\/\/wpdevstaging.com\/laurentide\/wp-content\/uploads\/2025\/11\/PL579_siteWeb_Image_Peinture-1536x864.jpg 1536w, https:\/\/wpdevstaging.com\/laurentide\/wp-content\/uploads\/2025\/11\/PL579_siteWeb_Image_Peinture-2048x1152.jpg 2048w\" sizes=\"(max-width: 800px) 100vw, 800px\" \/>\t\t\t\t\t\t\t\t<\/a>\n\t\t\t\t\t\t\t\t\t\t\t\t\t\t\t<\/div>\n\t\t\t\t<\/div>\n\t\t\t\t<\/div>\n\t\t<div class=\"elementor-element elementor-element-6adc00c e-con-full e-flex e-con e-child\" data-id=\"6adc00c\" data-element_type=\"container\">\n\t\t\t\t<div class=\"elementor-element elementor-element-b3bd430 elementor-widget elementor-widget-heading\" data-id=\"b3bd430\" data-element_type=\"widget\" data-widget_type=\"heading.default\">\n\t\t\t\t<div class=\"elementor-widget-container\">\n\t\t\t\t\t<h2 class=\"elementor-heading-title elementor-size-default\">Piles<\/h2>\t\t\t\t<\/div>\n\t\t\t\t<\/div>\n\t\t\t\t<div class=\"elementor-element elementor-element-c44718e elementor-widget elementor-widget-image\" data-id=\"c44718e\" data-element_type=\"widget\" data-widget_type=\"image.default\">\n\t\t\t\t<div class=\"elementor-widget-container\">\n\t\t\t\t\t\t\t\t\t\t\t\t\t\t\t\t<a href=\"https:\/\/wpdevstaging.com\/laurentide\/laurentide-environnement\/piles\">\n\t\t\t\t\t\t\t<img decoding=\"async\" width=\"800\" height=\"450\" src=\"https:\/\/wpdevstaging.com\/laurentide\/wp-content\/uploads\/2025\/11\/PL579_siteWeb_Image_Piles-1024x576.jpg\" class=\"attachment-large size-large wp-image-1288\" alt=\"\" srcset=\"https:\/\/wpdevstaging.com\/laurentide\/wp-content\/uploads\/2025\/11\/PL579_siteWeb_Image_Piles-1024x576.jpg 1024w, https:\/\/wpdevstaging.com\/laurentide\/wp-content\/uploads\/2025\/11\/PL579_siteWeb_Image_Piles-300x169.jpg 300w, https:\/\/wpdevstaging.com\/laurentide\/wp-content\/uploads\/2025\/11\/PL579_siteWeb_Image_Piles-768x432.jpg 768w, https:\/\/wpdevstaging.com\/laurentide\/wp-content\/uploads\/2025\/11\/PL579_siteWeb_Image_Piles-1536x864.jpg 1536w, https:\/\/wpdevstaging.com\/laurentide\/wp-content\/uploads\/2025\/11\/PL579_siteWeb_Image_Piles-2048x1152.jpg 2048w\" sizes=\"(max-width: 800px) 100vw, 800px\" \/>\t\t\t\t\t\t\t\t<\/a>\n\t\t\t\t\t\t\t\t\t\t\t\t\t\t\t<\/div>\n\t\t\t\t<\/div>\n\t\t\t\t<\/div>\n\t\t<div class=\"elementor-element elementor-element-d79de4e e-con-full e-flex e-con e-child\" data-id=\"d79de4e\" data-element_type=\"container\">\n\t\t\t\t<div class=\"elementor-element elementor-element-766e272 elementor-widget elementor-widget-heading\" data-id=\"766e272\" data-element_type=\"widget\" data-widget_type=\"heading.default\">\n\t\t\t\t<div class=\"elementor-widget-container\">\n\t\t\t\t\t<h2 class=\"elementor-heading-title elementor-size-default\">Vapoteuses<\/h2>\t\t\t\t<\/div>\n\t\t\t\t<\/div>\n\t\t\t\t<div class=\"elementor-element elementor-element-bffc63d elementor-widget elementor-widget-image\" data-id=\"bffc63d\" data-element_type=\"widget\" data-widget_type=\"image.default\">\n\t\t\t\t<div class=\"elementor-widget-container\">\n\t\t\t\t\t\t\t\t\t\t\t\t\t\t\t\t<a href=\"https:\/\/wpdevstaging.com\/laurentide\/laurentide-environnement\/vapoteuses\">\n\t\t\t\t\t\t\t<img loading=\"lazy\" decoding=\"async\" width=\"800\" height=\"450\" src=\"https:\/\/wpdevstaging.com\/laurentide\/wp-content\/uploads\/2025\/11\/PL579_siteWeb_Image_Vapoteuse-1024x576.jpg\" class=\"attachment-large size-large wp-image-1292\" alt=\"\" srcset=\"https:\/\/wpdevstaging.com\/laurentide\/wp-content\/uploads\/2025\/11\/PL579_siteWeb_Image_Vapoteuse-1024x576.jpg 1024w, https:\/\/wpdevstaging.com\/laurentide\/wp-content\/uploads\/2025\/11\/PL579_siteWeb_Image_Vapoteuse-300x169.jpg 300w, https:\/\/wpdevstaging.com\/laurentide\/wp-content\/uploads\/2025\/11\/PL579_siteWeb_Image_Vapoteuse-768x432.jpg 768w, https:\/\/wpdevstaging.com\/laurentide\/wp-content\/uploads\/2025\/11\/PL579_siteWeb_Image_Vapoteuse-1536x864.jpg 1536w, https:\/\/wpdevstaging.com\/laurentide\/wp-content\/uploads\/2025\/11\/PL579_siteWeb_Image_Vapoteuse-2048x1152.jpg 2048w\" sizes=\"(max-width: 800px) 100vw, 800px\" \/>\t\t\t\t\t\t\t\t<\/a>\n\t\t\t\t\t\t\t\t\t\t\t\t\t\t\t<\/div>\n\t\t\t\t<\/div>\n\t\t\t\t<\/div>\n\t\t<div class=\"elementor-element elementor-element-1976d14 e-con-full e-flex e-con e-child\" data-id=\"1976d14\" data-element_type=\"container\">\n\t\t\t\t<div class=\"elementor-element elementor-element-4335406 elementor-widget elementor-widget-heading\" data-id=\"4335406\" data-element_type=\"widget\" data-widget_type=\"heading.default\">\n\t\t\t\t<div class=\"elementor-widget-container\">\n\t\t\t\t\t<h2 class=\"elementor-heading-title elementor-size-default\">Fluocompactes<\/h2>\t\t\t\t<\/div>\n\t\t\t\t<\/div>\n\t\t\t\t<div class=\"elementor-element elementor-element-17f3094 elementor-widget elementor-widget-image\" data-id=\"17f3094\" data-element_type=\"widget\" data-widget_type=\"image.default\">\n\t\t\t\t<div class=\"elementor-widget-container\">\n\t\t\t\t\t\t\t\t\t\t\t\t\t\t\t\t<a href=\"https:\/\/wpdevstaging.com\/laurentide\/laurentide-environnement\/fluocompactes\">\n\t\t\t\t\t\t\t<img loading=\"lazy\" decoding=\"async\" width=\"800\" height=\"450\" src=\"https:\/\/wpdevstaging.com\/laurentide\/wp-content\/uploads\/2025\/11\/PL579_siteWeb_Image_Fluocompact-1024x576.jpg\" class=\"attachment-large size-large wp-image-1291\" alt=\"\" srcset=\"https:\/\/wpdevstaging.com\/laurentide\/wp-content\/uploads\/2025\/11\/PL579_siteWeb_Image_Fluocompact-1024x576.jpg 1024w, https:\/\/wpdevstaging.com\/laurentide\/wp-content\/uploads\/2025\/11\/PL579_siteWeb_Image_Fluocompact-300x169.jpg 300w, https:\/\/wpdevstaging.com\/laurentide\/wp-content\/uploads\/2025\/11\/PL579_siteWeb_Image_Fluocompact-768x432.jpg 768w, https:\/\/wpdevstaging.com\/laurentide\/wp-content\/uploads\/2025\/11\/PL579_siteWeb_Image_Fluocompact-1536x864.jpg 1536w, https:\/\/wpdevstaging.com\/laurentide\/wp-content\/uploads\/2025\/11\/PL579_siteWeb_Image_Fluocompact-2048x1152.jpg 2048w\" sizes=\"(max-width: 800px) 100vw, 800px\" \/>\t\t\t\t\t\t\t\t<\/a>\n\t\t\t\t\t\t\t\t\t\t\t\t\t\t\t<\/div>\n\t\t\t\t<\/div>\n\t\t\t\t<\/div>\n\t\t<div class=\"elementor-element elementor-element-345be1f e-con-full e-flex e-con e-child\" data-id=\"345be1f\" data-element_type=\"container\">\n\t\t\t\t<div class=\"elementor-element elementor-element-f69def0 elementor-widget elementor-widget-heading\" data-id=\"f69def0\" data-element_type=\"widget\" data-widget_type=\"heading.default\">\n\t\t\t\t<div class=\"elementor-widget-container\">\n\t\t\t\t\t<h2 class=\"elementor-heading-title elementor-size-default\">Huiles us\u00e9es<\/h2>\t\t\t\t<\/div>\n\t\t\t\t<\/div>\n\t\t\t\t<div class=\"elementor-element elementor-element-53ae4ef elementor-widget elementor-widget-image\" data-id=\"53ae4ef\" data-element_type=\"widget\" data-widget_type=\"image.default\">\n\t\t\t\t<div class=\"elementor-widget-container\">\n\t\t\t\t\t\t\t\t\t\t\t\t\t\t\t\t<a href=\"https:\/\/wpdevstaging.com\/laurentide\/laurentide-environnement\/huiles-usees\">\n\t\t\t\t\t\t\t<img loading=\"lazy\" decoding=\"async\" width=\"800\" height=\"450\" src=\"https:\/\/wpdevstaging.com\/laurentide\/wp-content\/uploads\/2025\/11\/PL579_siteWeb_Image_Huiles-1024x576.jpg\" class=\"attachment-large size-large wp-image-1290\" alt=\"\" srcset=\"https:\/\/wpdevstaging.com\/laurentide\/wp-content\/uploads\/2025\/11\/PL579_siteWeb_Image_Huiles-1024x576.jpg 1024w, https:\/\/wpdevstaging.com\/laurentide\/wp-content\/uploads\/2025\/11\/PL579_siteWeb_Image_Huiles-300x169.jpg 300w, https:\/\/wpdevstaging.com\/laurentide\/wp-content\/uploads\/2025\/11\/PL579_siteWeb_Image_Huiles-768x432.jpg 768w, https:\/\/wpdevstaging.com\/laurentide\/wp-content\/uploads\/2025\/11\/PL579_siteWeb_Image_Huiles-1536x864.jpg 1536w, https:\/\/wpdevstaging.com\/laurentide\/wp-content\/uploads\/2025\/11\/PL579_siteWeb_Image_Huiles-2048x1152.jpg 2048w\" sizes=\"(max-width: 800px) 100vw, 800px\" \/>\t\t\t\t\t\t\t\t<\/a>\n\t\t\t\t\t\t\t\t\t\t\t\t\t\t\t<\/div>\n\t\t\t\t<\/div>\n\t\t\t\t<\/div>\n\t\t<div class=\"elementor-element elementor-element-9e598b6 e-con-full e-flex e-con e-child\" data-id=\"9e598b6\" data-element_type=\"container\">\n\t\t\t\t<div class=\"elementor-element elementor-element-4561000 elementor-widget elementor-widget-heading\" data-id=\"4561000\" data-element_type=\"widget\" data-widget_type=\"heading.default\">\n\t\t\t\t<div class=\"elementor-widget-container\">\n\t\t\t\t\t<h2 class=\"elementor-heading-title elementor-size-default\">R\u00e9sidus domestiques dangereux (RDD)<\/h2>\t\t\t\t<\/div>\n\t\t\t\t<\/div>\n\t\t\t\t<div class=\"elementor-element elementor-element-102bc73 elementor-widget elementor-widget-image\" data-id=\"102bc73\" data-element_type=\"widget\" data-widget_type=\"image.default\">\n\t\t\t\t<div class=\"elementor-widget-container\">\n\t\t\t\t\t\t\t\t\t\t\t\t\t\t\t\t<a href=\"https:\/\/wpdevstaging.com\/laurentide\/laurentide-environnement\/residus-domestiques-dangereux\">\n\t\t\t\t\t\t\t<img loading=\"lazy\" decoding=\"async\" width=\"800\" height=\"450\" src=\"https:\/\/wpdevstaging.com\/laurentide\/wp-content\/uploads\/2025\/11\/PL579_siteWeb_Image_RDD-1024x576.jpg\" class=\"attachment-large size-large wp-image-1287\" alt=\"\" srcset=\"https:\/\/wpdevstaging.com\/laurentide\/wp-content\/uploads\/2025\/11\/PL579_siteWeb_Image_RDD-1024x576.jpg 1024w, https:\/\/wpdevstaging.com\/laurentide\/wp-content\/uploads\/2025\/11\/PL579_siteWeb_Image_RDD-300x169.jpg 300w, https:\/\/wpdevstaging.com\/laurentide\/wp-content\/uploads\/2025\/11\/PL579_siteWeb_Image_RDD-768x432.jpg 768w, https:\/\/wpdevstaging.com\/laurentide\/wp-content\/uploads\/2025\/11\/PL579_siteWeb_Image_RDD-1536x864.jpg 1536w, https:\/\/wpdevstaging.com\/laurentide\/wp-content\/uploads\/2025\/11\/PL579_siteWeb_Image_RDD-2048x1152.jpg 2048w\" sizes=\"(max-width: 800px) 100vw, 800px\" \/>\t\t\t\t\t\t\t\t<\/a>\n\t\t\t\t\t\t\t\t\t\t\t\t\t\t\t<\/div>\n\t\t\t\t<\/div>\n\t\t\t\t<\/div>\n\t\t\t\t\t<\/div>\n\t\t\t\t<\/div>\n\t\t<div class=\"elementor-element elementor-element-2f381ce e-flex e-con-boxed e-con e-parent\" data-id=\"2f381ce\" data-element_type=\"container\">\n\t\t\t\t\t<div class=\"e-con-inner\">\n\t\t\t\t<div class=\"elementor-element elementor-element-8874a88 elementor-widget elementor-widget-spacer\" data-id=\"8874a88\" data-element_type=\"widget\" data-widget_type=\"spacer.default\">\n\t\t\t\t<div class=\"elementor-widget-container\">\n\t\t\t\t\t\t\t<div class=\"elementor-spacer\">\n\t\t\t<div class=\"elementor-spacer-inner\"><\/div>\n\t\t<\/div>\n\t\t\t\t\t\t<\/div>\n\t\t\t\t<\/div>\n\t\t\t\t\t<\/div>\n\t\t\t\t<\/div>\n\t\t\t\t<\/div>\n\t\t<section id=\"easyCookie\" class=\"ec-fixed  ec-icon   ec-double-btn\" data-expiresdays=\"180\">\n\t\t<div>\n\t\t\t<div class=\"ec-infos\">\n\t\t\t\tLe site web de Soci\u00e9t\u00e9 Laurentide utilise des t\u00e9moins de connexion (cookies) pour am\u00e9liorer votre exp\u00e9rience lorsque vous naviguez sur le site. Nous vous prions de bien vouloir prendre connaissance des pr\u00e9sentes modalit\u00e9s avant d\u2019utiliser le site web ou les services qu\u2019il offre. \/\/ We use cookies to ensure that we give you the best experience. If you continue using this website, we'll assume that you are happy about that.\n\t\t\t<\/div>\n\t\t\t<div class=\"ec-btns\">\n\t\t\t\t<a href=\"#\" class=\"ec-accept\">J'accepte \/\/ Accept<\/a>\n\t\t\t\t<a href=\"https:\/\/societelaurentide.ca\/politique-de-confidentialite-et-conditions-dutilisation\/\" class=\"ec-empty\">Voir plus \/\/ View More<\/a>\n\t\t\t<\/div>\n\t\t<\/div>\n\t<\/section>","protected":false},"excerpt":{"rendered":"<p>Service de tri des mati\u00e8res Service de valorisationdes mati\u00e8res TransbacSolution logistique La mission de Laurentide Environnement : maximiser la valeur des mati\u00e8res recyclables et prolonger le cycle de vie utile des produits pour r\u00e9duire leur impact environnemental Les d\u00e9fis reli\u00e9s au d\u00e9veloppement durable sont un moteur d\u2019innovation pour Laurentide Environnement. Filiale de Soci\u00e9t\u00e9 Laurentide, nous [&hellip;]<\/p>\n","protected":false},"author":2,"featured_media":0,"parent":781,"menu_order":0,"comment_status":"closed","ping_status":"closed","template":"","meta":{"_acf_changed":false,"footnotes":""},"class_list":["post-635","page","type-page","status-publish","hentry"],"acf":[],"aioseo_notices":[],"_links":{"self":[{"href":"https:\/\/wpdevstaging.com\/laurentide\/wp-json\/wp\/v2\/pages\/635","targetHints":{"allow":["GET"]}}],"collection":[{"href":"https:\/\/wpdevstaging.com\/laurentide\/wp-json\/wp\/v2\/pages"}],"about":[{"href":"https:\/\/wpdevstaging.com\/laurentide\/wp-json\/wp\/v2\/types\/page"}],"author":[{"embeddable":true,"href":"https:\/\/wpdevstaging.com\/laurentide\/wp-json\/wp\/v2\/users\/2"}],"replies":[{"embeddable":true,"href":"https:\/\/wpdevstaging.com\/laurentide\/wp-json\/wp\/v2\/comments?post=635"}],"version-history":[{"count":77,"href":"https:\/\/wpdevstaging.com\/laurentide\/wp-json\/wp\/v2\/pages\/635\/revisions"}],"predecessor-version":[{"id":1295,"href":"https:\/\/wpdevstaging.com\/laurentide\/wp-json\/wp\/v2\/pages\/635\/revisions\/1295"}],"up":[{"embeddable":true,"href":"https:\/\/wpdevstaging.com\/laurentide\/wp-json\/wp\/v2\/pages\/781"}],"wp:attachment":[{"href":"https:\/\/wpdevstaging.com\/laurentide\/wp-json\/wp\/v2\/media?parent=635"}],"curies":[{"name":"wp","href":"https:\/\/api.w.org\/{rel}","templated":true}]}}