{"id":584,"date":"2025-02-05T11:33:09","date_gmt":"2025-02-05T16:33:09","guid":{"rendered":"https:\/\/wpdevstaging.com\/laurentide\/?page_id=584"},"modified":"2025-11-15T12:31:27","modified_gmt":"2025-11-15T17:31:27","slug":"30-ans-de-savoir-faire","status":"publish","type":"page","link":"https:\/\/wpdevstaging.com\/laurentide\/laurentide-environnement\/30-ans-de-savoir-faire\/","title":{"rendered":"30 ans de savoir faire"},"content":{"rendered":"\t\t<div data-elementor-type=\"wp-page\" data-elementor-id=\"584\" class=\"elementor elementor-584\" data-elementor-post-type=\"page\">\n\t\t\t\t<div class=\"elementor-element elementor-element-792fee1 e-flex e-con-boxed e-con e-parent\" data-id=\"792fee1\" data-element_type=\"container\" data-settings=\"{&quot;background_background&quot;:&quot;classic&quot;}\">\n\t\t\t\t\t<div class=\"e-con-inner\">\n\t\t<div class=\"elementor-element elementor-element-2953d01 e-con-full e-flex e-con e-child\" data-id=\"2953d01\" data-element_type=\"container\">\n\t\t\t\t<div class=\"elementor-element elementor-element-0360991 elementor-widget elementor-widget-heading\" data-id=\"0360991\" data-element_type=\"widget\" data-widget_type=\"heading.default\">\n\t\t\t\t<div class=\"elementor-widget-container\">\n\t\t\t\t\t<h2 class=\"elementor-heading-title elementor-size-default\">30 ans de savoir faire<\/h2>\t\t\t\t<\/div>\n\t\t\t\t<\/div>\n\t\t\t\t<\/div>\n\t\t\t\t\t<\/div>\n\t\t\t\t<\/div>\n\t\t<div class=\"elementor-element elementor-element-1f2709b e-flex e-con-boxed e-con e-parent\" data-id=\"1f2709b\" data-element_type=\"container\">\n\t\t\t\t\t<div class=\"e-con-inner\">\n\t\t\t\t<div class=\"elementor-element elementor-element-c8f193d elementor-widget elementor-widget-text-editor\" data-id=\"c8f193d\" data-element_type=\"widget\" data-widget_type=\"text-editor.default\">\n\t\t\t\t<div class=\"elementor-widget-container\">\n\t\t\t\t\t\t\t\t\t<p>Acteur important en d\u00e9veloppement durable au Qu\u00e9bec, Laurentide Environnement assure le transport ainsi que le traitement responsable des surplus de peinture postconsommation sur l\u2019ensemble du territoire qu\u00e9b\u00e9cois et des provinces de l\u2019Est du Canada.<br><br>Notre entreprise s\u2019occupe aussi de recueillir et de trier les piles, les vapoteuses, les ampoules fluocompactes, les huiles us\u00e9es et d\u2019autres r\u00e9sidus domestiques dangereux sur l\u2019ensemble du territoire du Qu\u00e9bec pour les rediriger vers des centres de transformation et en disposer de fa\u00e7on \u00e9coresponsable.<br><br>La collecte de ces mati\u00e8res est possible gr\u00e2ce au programme de transport TRANSBAC, un service de logistique des bacs de recyclages aux sites de d\u00e9p\u00f4t cr\u00e9\u00e9 et g\u00e9r\u00e9 par Laurentide Environnement.<\/p>\n<p>Nous trions, en moyenne, par ann\u00e9e\u202f:<\/p>\n<ul>\n<li>environ 1 million de kg d\u2019huile, d\u2019antigels, de contenants de plastique et de filtres provenant de rejets individuels et r\u00e9sidentiels, gr\u00e2ce \u00e0 un partenariat avec l\u2019organisme SOGHU;<br><br><\/li>\n<li>plus de 2 millions de kg de piles, gr\u00e2ce \u00e0 un partenariat avec l\u2019organisme Appel \u00e0 recycler;<br><br><\/li>\n<li>plus de 6 millions de kg de peinture, gr\u00e2ce \u00e0 un partenariat avec l\u2019organisme \u00c9co-Peinture;<br><br><\/li>\n<li>plus de 500 000 ampoules, gr\u00e2ce \u00e0 un partenariat avec l\u2019organisme RecycFluo.<br><br><\/li>\n<li>un nombre de vapoteuses \u00e9tant \u00e0 d\u00e9terminer, puisque le programme a \u00e9t\u00e9 lanc\u00e9 en janvier 2025 par l\u2019organisme Appel \u00e0 recycler.<br><br><br><\/li>\n<\/ul>\n<p>Dans un effort d\u2019\u00e9conomie circulaire, tous ces produits nocifs sont ainsi d\u00e9tourn\u00e9s des sites d\u2019enfouissement afin de leur donner une seconde vie lorsque possible.<\/p>\t\t\t\t\t\t\t\t<\/div>\n\t\t\t\t<\/div>\n\t\t<div class=\"elementor-element elementor-element-86d6126 e-con-full e-flex e-con e-child\" data-id=\"86d6126\" data-element_type=\"container\">\n\t\t\t\t<div class=\"elementor-element elementor-element-0d0adc8 elementor-widget elementor-widget-spacer\" data-id=\"0d0adc8\" data-element_type=\"widget\" data-widget_type=\"spacer.default\">\n\t\t\t\t<div class=\"elementor-widget-container\">\n\t\t\t\t\t\t\t<div class=\"elementor-spacer\">\n\t\t\t<div class=\"elementor-spacer-inner\"><\/div>\n\t\t<\/div>\n\t\t\t\t\t\t<\/div>\n\t\t\t\t<\/div>\n\t\t\t\t<\/div>\n\t\t\t\t\t<\/div>\n\t\t\t\t<\/div>\n\t\t\t\t<\/div>\n\t\t<section id=\"easyCookie\" class=\"ec-fixed  ec-icon   ec-double-btn\" data-expiresdays=\"180\">\n\t\t<div>\n\t\t\t<div class=\"ec-infos\">\n\t\t\t\tLe site web de Soci\u00e9t\u00e9 Laurentide utilise des t\u00e9moins de connexion (cookies) pour am\u00e9liorer votre exp\u00e9rience lorsque vous naviguez sur le site. Nous vous prions de bien vouloir prendre connaissance des pr\u00e9sentes modalit\u00e9s avant d\u2019utiliser le site web ou les services qu\u2019il offre. \/\/ We use cookies to ensure that we give you the best experience. If you continue using this website, we'll assume that you are happy about that.\n\t\t\t<\/div>\n\t\t\t<div class=\"ec-btns\">\n\t\t\t\t<a href=\"#\" class=\"ec-accept\">J'accepte \/\/ Accept<\/a>\n\t\t\t\t<a href=\"https:\/\/societelaurentide.ca\/politique-de-confidentialite-et-conditions-dutilisation\/\" class=\"ec-empty\">Voir plus \/\/ View More<\/a>\n\t\t\t<\/div>\n\t\t<\/div>\n\t<\/section>","protected":false},"excerpt":{"rendered":"<p>30 ans de savoir faire Acteur important en d\u00e9veloppement durable au Qu\u00e9bec, Laurentide Environnement assure le transport ainsi que le traitement responsable des surplus de peinture postconsommation sur l\u2019ensemble du territoire qu\u00e9b\u00e9cois et des provinces de l\u2019Est du Canada. Notre entreprise s\u2019occupe aussi de recueillir et de trier les piles, les vapoteuses, les ampoules fluocompactes, [&hellip;]<\/p>\n","protected":false},"author":2,"featured_media":0,"parent":781,"menu_order":0,"comment_status":"closed","ping_status":"closed","template":"","meta":{"_acf_changed":false,"footnotes":""},"class_list":["post-584","page","type-page","status-publish","hentry"],"acf":[],"aioseo_notices":[],"_links":{"self":[{"href":"https:\/\/wpdevstaging.com\/laurentide\/wp-json\/wp\/v2\/pages\/584","targetHints":{"allow":["GET"]}}],"collection":[{"href":"https:\/\/wpdevstaging.com\/laurentide\/wp-json\/wp\/v2\/pages"}],"about":[{"href":"https:\/\/wpdevstaging.com\/laurentide\/wp-json\/wp\/v2\/types\/page"}],"author":[{"embeddable":true,"href":"https:\/\/wpdevstaging.com\/laurentide\/wp-json\/wp\/v2\/users\/2"}],"replies":[{"embeddable":true,"href":"https:\/\/wpdevstaging.com\/laurentide\/wp-json\/wp\/v2\/comments?post=584"}],"version-history":[{"count":9,"href":"https:\/\/wpdevstaging.com\/laurentide\/wp-json\/wp\/v2\/pages\/584\/revisions"}],"predecessor-version":[{"id":860,"href":"https:\/\/wpdevstaging.com\/laurentide\/wp-json\/wp\/v2\/pages\/584\/revisions\/860"}],"up":[{"embeddable":true,"href":"https:\/\/wpdevstaging.com\/laurentide\/wp-json\/wp\/v2\/pages\/781"}],"wp:attachment":[{"href":"https:\/\/wpdevstaging.com\/laurentide\/wp-json\/wp\/v2\/media?parent=584"}],"curies":[{"name":"wp","href":"https:\/\/api.w.org\/{rel}","templated":true}]}}