{"id":1439,"date":"2025-11-15T12:18:09","date_gmt":"2025-11-15T17:18:09","guid":{"rendered":"https:\/\/wpdevstaging.com\/laurentide\/?page_id=1439"},"modified":"2025-11-15T12:23:41","modified_gmt":"2025-11-15T17:23:41","slug":"household-hazardous-waste","status":"publish","type":"page","link":"https:\/\/wpdevstaging.com\/laurentide\/en\/laurentide-environment\/material-sorting-service\/household-hazardous-waste\/","title":{"rendered":"Household Hazardous Waste (HHW)"},"content":{"rendered":"\t\t<div data-elementor-type=\"wp-page\" data-elementor-id=\"1439\" class=\"elementor elementor-1439\" data-elementor-post-type=\"page\">\n\t\t\t\t<div class=\"elementor-element elementor-element-792fee1 e-flex e-con-boxed e-con e-parent\" data-id=\"792fee1\" data-element_type=\"container\" data-settings=\"{&quot;background_background&quot;:&quot;classic&quot;}\">\n\t\t\t\t\t<div class=\"e-con-inner\">\n\t\t<div class=\"elementor-element elementor-element-2953d01 e-con-full e-flex e-con e-child\" data-id=\"2953d01\" data-element_type=\"container\">\n\t\t\t\t<div class=\"elementor-element elementor-element-0360991 elementor-widget elementor-widget-heading\" data-id=\"0360991\" data-element_type=\"widget\" data-widget_type=\"heading.default\">\n\t\t\t\t<div class=\"elementor-widget-container\">\n\t\t\t\t\t<h2 class=\"elementor-heading-title elementor-size-default\">Household Hazardous Waste (HHW)<\/h2>\t\t\t\t<\/div>\n\t\t\t\t<\/div>\n\t\t\t\t<\/div>\n\t\t\t\t\t<\/div>\n\t\t\t\t<\/div>\n\t\t<div class=\"elementor-element elementor-element-1f2709b e-flex e-con-boxed e-con e-parent\" data-id=\"1f2709b\" data-element_type=\"container\">\n\t\t\t\t\t<div class=\"e-con-inner\">\n\t\t\t\t<div class=\"elementor-element elementor-element-c8f193d elementor-widget elementor-widget-text-editor\" data-id=\"c8f193d\" data-element_type=\"widget\" data-widget_type=\"text-editor.default\">\n\t\t\t\t<div class=\"elementor-widget-container\">\n\t\t\t\t\t\t\t\t\t<p data-start=\"41\" data-end=\"142\"><strong data-start=\"41\" data-end=\"140\">Laurentide Environment: Your Partner for Responsible Household Hazardous Waste (HHW) Management<\/strong><\/p><p data-start=\"144\" data-end=\"546\">Laurentide Environment supports participating municipalities in managing <strong data-start=\"217\" data-end=\"252\">household hazardous waste (HHW)<\/strong> through a comprehensive collection, sorting, and treatment service offered as part of the <strong data-start=\"343\" data-end=\"363\">TRANSBAC program<\/strong>. This service includes regular collection of bins at municipal sites and specialized sorting of organic and inorganic materials, in compliance with current environmental standards.<\/p><p data-start=\"548\" data-end=\"576\"><strong data-start=\"548\" data-end=\"574\">Dangerous Organic HHW:<\/strong><\/p><ul data-start=\"577\" data-end=\"759\"><li data-start=\"577\" data-end=\"639\"><p data-start=\"579\" data-end=\"639\">Frying oils in a clearly labeled, tightly sealed container<\/p><\/li><li data-start=\"640\" data-end=\"708\"><p data-start=\"642\" data-end=\"708\">Solvent-based products, cleaning products, paint strippers, etc.<\/p><\/li><li data-start=\"709\" data-end=\"724\"><p data-start=\"711\" data-end=\"724\">Fertilizers<\/p><\/li><li data-start=\"725\" data-end=\"759\"><p data-start=\"727\" data-end=\"759\">Fuels (gasoline, diesel, etc.)<\/p><\/li><\/ul><p data-start=\"761\" data-end=\"912\"><strong data-start=\"761\" data-end=\"789\">Dangerous Inorganic HHW:<\/strong><br data-start=\"789\" data-end=\"792\" \/>Classified according to chemical nature, these residues are handled carefully and treated according to their category:<\/p><ul data-start=\"913\" data-end=\"1145\"><li data-start=\"913\" data-end=\"967\"><p data-start=\"915\" data-end=\"967\"><strong data-start=\"915\" data-end=\"924\">Acids<\/strong> (e.g., hydrochloric acid, sulfuric acid)<\/p><\/li><li data-start=\"968\" data-end=\"1011\"><p data-start=\"970\" data-end=\"1011\"><strong data-start=\"970\" data-end=\"979\">Bases<\/strong> (e.g., ammonia, caustic soda)<\/p><\/li><li data-start=\"1012\" data-end=\"1076\"><p data-start=\"1014\" data-end=\"1076\"><strong data-start=\"1014\" data-end=\"1024\">Toxics<\/strong> (e.g., mercury, certain heavy metals, pesticides)<\/p><\/li><li data-start=\"1077\" data-end=\"1145\"><p data-start=\"1079\" data-end=\"1145\"><strong data-start=\"1079\" data-end=\"1092\">Oxidizers<\/strong> (e.g., hydrogen peroxide, pool products, nitrates)<\/p><\/li><\/ul>\t\t\t\t\t\t\t\t<\/div>\n\t\t\t\t<\/div>\n\t\t\t\t<div class=\"elementor-element elementor-element-605c03b elementor-widget elementor-widget-text-editor\" data-id=\"605c03b\" data-element_type=\"widget\" data-widget_type=\"text-editor.default\">\n\t\t\t\t<div class=\"elementor-widget-container\">\n\t\t\t\t\t\t\t\t\t<p data-start=\"1147\" data-end=\"1303\">By choosing Laurentide Environment, your municipality gains a <strong data-start=\"1209\" data-end=\"1228\">trusted partner<\/strong>, recognized for its expertise, rigor, and commitment to the environment.<\/p><p data-start=\"1305\" data-end=\"1358\">Looking to offer this service in your municipality?<\/p><p data-start=\"1360\" data-end=\"1394\"><strong data-start=\"1360\" data-end=\"1392\">Contact us today to discuss!<\/strong><\/p>\t\t\t\t\t\t\t\t<\/div>\n\t\t\t\t<\/div>\n\t\t\t\t<div class=\"elementor-element elementor-element-0f0e0ba elementor-widget elementor-widget-spacer\" data-id=\"0f0e0ba\" data-element_type=\"widget\" data-widget_type=\"spacer.default\">\n\t\t\t\t<div class=\"elementor-widget-container\">\n\t\t\t\t\t\t\t<div class=\"elementor-spacer\">\n\t\t\t<div class=\"elementor-spacer-inner\"><\/div>\n\t\t<\/div>\n\t\t\t\t\t\t<\/div>\n\t\t\t\t<\/div>\n\t\t\t\t\t<\/div>\n\t\t\t\t<\/div>\n\t\t\t\t<\/div>\n\t\t<section id=\"easyCookie\" class=\"ec-fixed  ec-icon   ec-double-btn\" data-expiresdays=\"180\">\n\t\t<div>\n\t\t\t<div class=\"ec-infos\">\n\t\t\t\tLe site web de Soci\u00e9t\u00e9 Laurentide utilise des t\u00e9moins de connexion (cookies) pour am\u00e9liorer votre exp\u00e9rience lorsque vous naviguez sur le site. Nous vous prions de bien vouloir prendre connaissance des pr\u00e9sentes modalit\u00e9s avant d\u2019utiliser le site web ou les services qu\u2019il offre. \/\/ We use cookies to ensure that we give you the best experience. If you continue using this website, we'll assume that you are happy about that.\n\t\t\t<\/div>\n\t\t\t<div class=\"ec-btns\">\n\t\t\t\t<a href=\"#\" class=\"ec-accept\">J'accepte \/\/ Accept<\/a>\n\t\t\t\t<a href=\"https:\/\/societelaurentide.ca\/politique-de-confidentialite-et-conditions-dutilisation\/\" class=\"ec-empty\">Voir plus \/\/ View More<\/a>\n\t\t\t<\/div>\n\t\t<\/div>\n\t<\/section>","protected":false},"excerpt":{"rendered":"<p>Household Hazardous Waste (HHW) Laurentide Environment: Your Partner for Responsible Household Hazardous Waste (HHW) Management Laurentide Environment supports participating municipalities in managing household hazardous waste (HHW) through a comprehensive collection, sorting, and treatment service offered as part of the TRANSBAC program. This service includes regular collection of bins at municipal sites and specialized sorting of [&hellip;]<\/p>\n","protected":false},"author":2,"featured_media":0,"parent":1374,"menu_order":0,"comment_status":"closed","ping_status":"closed","template":"","meta":{"_acf_changed":false,"footnotes":""},"class_list":["post-1439","page","type-page","status-publish","hentry"],"acf":[],"aioseo_notices":[],"_links":{"self":[{"href":"https:\/\/wpdevstaging.com\/laurentide\/wp-json\/wp\/v2\/pages\/1439","targetHints":{"allow":["GET"]}}],"collection":[{"href":"https:\/\/wpdevstaging.com\/laurentide\/wp-json\/wp\/v2\/pages"}],"about":[{"href":"https:\/\/wpdevstaging.com\/laurentide\/wp-json\/wp\/v2\/types\/page"}],"author":[{"embeddable":true,"href":"https:\/\/wpdevstaging.com\/laurentide\/wp-json\/wp\/v2\/users\/2"}],"replies":[{"embeddable":true,"href":"https:\/\/wpdevstaging.com\/laurentide\/wp-json\/wp\/v2\/comments?post=1439"}],"version-history":[{"count":4,"href":"https:\/\/wpdevstaging.com\/laurentide\/wp-json\/wp\/v2\/pages\/1439\/revisions"}],"predecessor-version":[{"id":1443,"href":"https:\/\/wpdevstaging.com\/laurentide\/wp-json\/wp\/v2\/pages\/1439\/revisions\/1443"}],"up":[{"embeddable":true,"href":"https:\/\/wpdevstaging.com\/laurentide\/wp-json\/wp\/v2\/pages\/1374"}],"wp:attachment":[{"href":"https:\/\/wpdevstaging.com\/laurentide\/wp-json\/wp\/v2\/media?parent=1439"}],"curies":[{"name":"wp","href":"https:\/\/api.w.org\/{rel}","templated":true}]}}