{"id":1423,"date":"2025-11-15T12:09:09","date_gmt":"2025-11-15T17:09:09","guid":{"rendered":"https:\/\/wpdevstaging.com\/laurentide\/?page_id=1423"},"modified":"2025-11-15T12:22:59","modified_gmt":"2025-11-15T17:22:59","slug":"compact-fluorescent-lamps","status":"publish","type":"page","link":"https:\/\/wpdevstaging.com\/laurentide\/en\/laurentide-environment\/material-sorting-service\/compact-fluorescent-lamps\/","title":{"rendered":"Compact Fluorescent Lamps (CFLs)"},"content":{"rendered":"\t\t<div data-elementor-type=\"wp-page\" data-elementor-id=\"1423\" class=\"elementor elementor-1423\" data-elementor-post-type=\"page\">\n\t\t\t\t<div class=\"elementor-element elementor-element-792fee1 e-flex e-con-boxed e-con e-parent\" data-id=\"792fee1\" data-element_type=\"container\" data-settings=\"{&quot;background_background&quot;:&quot;classic&quot;}\">\n\t\t\t\t\t<div class=\"e-con-inner\">\n\t\t<div class=\"elementor-element elementor-element-2953d01 e-con-full e-flex e-con e-child\" data-id=\"2953d01\" data-element_type=\"container\">\n\t\t\t\t<div class=\"elementor-element elementor-element-0360991 elementor-widget elementor-widget-heading\" data-id=\"0360991\" data-element_type=\"widget\" data-widget_type=\"heading.default\">\n\t\t\t\t<div class=\"elementor-widget-container\">\n\t\t\t\t\t<h2 class=\"elementor-heading-title elementor-size-default\">Compact Fluorescent Lamps (CFLs)<\/h2>\t\t\t\t<\/div>\n\t\t\t\t<\/div>\n\t\t\t\t<\/div>\n\t\t\t\t\t<\/div>\n\t\t\t\t<\/div>\n\t\t<div class=\"elementor-element elementor-element-1f2709b e-flex e-con-boxed e-con e-parent\" data-id=\"1f2709b\" data-element_type=\"container\">\n\t\t\t\t\t<div class=\"e-con-inner\">\n\t\t\t\t<div class=\"elementor-element elementor-element-c8f193d elementor-widget elementor-widget-text-editor\" data-id=\"c8f193d\" data-element_type=\"widget\" data-widget_type=\"text-editor.default\">\n\t\t\t\t<div class=\"elementor-widget-container\">\n\t\t\t\t\t\t\t\t\t<p data-start=\"41\" data-end=\"552\"><strong data-start=\"41\" data-end=\"67\">Laurentide Environment<\/strong> actively participates in the recycling of <strong data-start=\"110\" data-end=\"165\">compact fluorescent lamps (CFLs) containing mercury<\/strong> through the <strong data-start=\"178\" data-end=\"191\">RecycFluo<\/strong> program. Consumers first drop off their CFLs, fluorescent tubes, and other mercury-containing lamps at one of the <strong data-start=\"306\" data-end=\"329\">400 drop-off points<\/strong> across Quebec, while businesses can use a collection service for larger quantities. Laurentide Environment receives these products to sort them and send them to companies that will ensure the lamps are properly recycled.<\/p><p data-start=\"554\" data-end=\"684\">Approximately <strong data-start=\"568\" data-end=\"592\">98% of the materials<\/strong> in mercury-containing lamps are recyclable, keeping hazardous materials out of landfills.<\/p><p data-start=\"686\" data-end=\"895\">Find a drop-off location near you to responsibly return your compact fluorescent lamps: <a class=\"decorated-link\" href=\"https:\/\/www.agrp.ca\/recyclage-localisateur\/?ref=recycfluo\" target=\"_new\" rel=\"noopener\" data-start=\"774\" data-end=\"892\">https:\/\/www.agrp.ca\/recyclage-localisateur\/?ref=recycfluo<\/a><\/p>\t\t\t\t\t\t\t\t<\/div>\n\t\t\t\t<\/div>\n\t\t<div class=\"elementor-element elementor-element-86d6126 e-con-full e-flex e-con e-child\" data-id=\"86d6126\" data-element_type=\"container\">\n\t\t\t\t<div class=\"elementor-element elementor-element-0f0e0ba elementor-widget elementor-widget-spacer\" data-id=\"0f0e0ba\" data-element_type=\"widget\" data-widget_type=\"spacer.default\">\n\t\t\t\t<div class=\"elementor-widget-container\">\n\t\t\t\t\t\t\t<div class=\"elementor-spacer\">\n\t\t\t<div class=\"elementor-spacer-inner\"><\/div>\n\t\t<\/div>\n\t\t\t\t\t\t<\/div>\n\t\t\t\t<\/div>\n\t\t\t\t<\/div>\n\t\t\t\t\t<\/div>\n\t\t\t\t<\/div>\n\t\t\t\t<\/div>\n\t\t<section id=\"easyCookie\" class=\"ec-fixed  ec-icon   ec-double-btn\" data-expiresdays=\"180\">\n\t\t<div>\n\t\t\t<div class=\"ec-infos\">\n\t\t\t\tLe site web de Soci\u00e9t\u00e9 Laurentide utilise des t\u00e9moins de connexion (cookies) pour am\u00e9liorer votre exp\u00e9rience lorsque vous naviguez sur le site. Nous vous prions de bien vouloir prendre connaissance des pr\u00e9sentes modalit\u00e9s avant d\u2019utiliser le site web ou les services qu\u2019il offre. \/\/ We use cookies to ensure that we give you the best experience. If you continue using this website, we'll assume that you are happy about that.\n\t\t\t<\/div>\n\t\t\t<div class=\"ec-btns\">\n\t\t\t\t<a href=\"#\" class=\"ec-accept\">J'accepte \/\/ Accept<\/a>\n\t\t\t\t<a href=\"https:\/\/societelaurentide.ca\/politique-de-confidentialite-et-conditions-dutilisation\/\" class=\"ec-empty\">Voir plus \/\/ View More<\/a>\n\t\t\t<\/div>\n\t\t<\/div>\n\t<\/section>","protected":false},"excerpt":{"rendered":"<p>Compact Fluorescent Lamps (CFLs) Laurentide Environment actively participates in the recycling of compact fluorescent lamps (CFLs) containing mercury through the RecycFluo program. Consumers first drop off their CFLs, fluorescent tubes, and other mercury-containing lamps at one of the 400 drop-off points across Quebec, while businesses can use a collection service for larger quantities. Laurentide Environment [&hellip;]<\/p>\n","protected":false},"author":2,"featured_media":0,"parent":1374,"menu_order":0,"comment_status":"closed","ping_status":"closed","template":"","meta":{"_acf_changed":false,"footnotes":""},"class_list":["post-1423","page","type-page","status-publish","hentry"],"acf":[],"aioseo_notices":[],"_links":{"self":[{"href":"https:\/\/wpdevstaging.com\/laurentide\/wp-json\/wp\/v2\/pages\/1423","targetHints":{"allow":["GET"]}}],"collection":[{"href":"https:\/\/wpdevstaging.com\/laurentide\/wp-json\/wp\/v2\/pages"}],"about":[{"href":"https:\/\/wpdevstaging.com\/laurentide\/wp-json\/wp\/v2\/types\/page"}],"author":[{"embeddable":true,"href":"https:\/\/wpdevstaging.com\/laurentide\/wp-json\/wp\/v2\/users\/2"}],"replies":[{"embeddable":true,"href":"https:\/\/wpdevstaging.com\/laurentide\/wp-json\/wp\/v2\/comments?post=1423"}],"version-history":[{"count":4,"href":"https:\/\/wpdevstaging.com\/laurentide\/wp-json\/wp\/v2\/pages\/1423\/revisions"}],"predecessor-version":[{"id":1427,"href":"https:\/\/wpdevstaging.com\/laurentide\/wp-json\/wp\/v2\/pages\/1423\/revisions\/1427"}],"up":[{"embeddable":true,"href":"https:\/\/wpdevstaging.com\/laurentide\/wp-json\/wp\/v2\/pages\/1374"}],"wp:attachment":[{"href":"https:\/\/wpdevstaging.com\/laurentide\/wp-json\/wp\/v2\/media?parent=1423"}],"curies":[{"name":"wp","href":"https:\/\/api.w.org\/{rel}","templated":true}]}}