{"id":1415,"date":"2025-11-15T12:01:01","date_gmt":"2025-11-15T17:01:01","guid":{"rendered":"https:\/\/wpdevstaging.com\/laurentide\/?page_id=1415"},"modified":"2025-11-15T12:23:19","modified_gmt":"2025-11-15T17:23:19","slug":"vapes","status":"publish","type":"page","link":"https:\/\/wpdevstaging.com\/laurentide\/en\/laurentide-environment\/material-sorting-service\/vapes\/","title":{"rendered":"Electronic Cigarettes (Vapes)"},"content":{"rendered":"\t\t<div data-elementor-type=\"wp-page\" data-elementor-id=\"1415\" class=\"elementor elementor-1415\" data-elementor-post-type=\"page\">\n\t\t\t\t<div class=\"elementor-element elementor-element-792fee1 e-flex e-con-boxed e-con e-parent\" data-id=\"792fee1\" data-element_type=\"container\" data-settings=\"{&quot;background_background&quot;:&quot;classic&quot;}\">\n\t\t\t\t\t<div class=\"e-con-inner\">\n\t\t<div class=\"elementor-element elementor-element-2953d01 e-con-full e-flex e-con e-child\" data-id=\"2953d01\" data-element_type=\"container\">\n\t\t\t\t<div class=\"elementor-element elementor-element-0360991 elementor-widget elementor-widget-heading\" data-id=\"0360991\" data-element_type=\"widget\" data-widget_type=\"heading.default\">\n\t\t\t\t<div class=\"elementor-widget-container\">\n\t\t\t\t\t<h2 class=\"elementor-heading-title elementor-size-default\">Electronic Cigarettes (Vapes)<\/h2>\t\t\t\t<\/div>\n\t\t\t\t<\/div>\n\t\t\t\t<\/div>\n\t\t\t\t\t<\/div>\n\t\t\t\t<\/div>\n\t\t<div class=\"elementor-element elementor-element-1f2709b e-flex e-con-boxed e-con e-parent\" data-id=\"1f2709b\" data-element_type=\"container\">\n\t\t\t\t\t<div class=\"e-con-inner\">\n\t\t\t\t<div class=\"elementor-element elementor-element-c8f193d elementor-widget elementor-widget-text-editor\" data-id=\"c8f193d\" data-element_type=\"widget\" data-widget_type=\"text-editor.default\">\n\t\t\t\t<div class=\"elementor-widget-container\">\n\t\t\t\t\t\t\t\t\t<p data-start=\"41\" data-end=\"277\"><strong data-start=\"41\" data-end=\"61\">Call to Recycle<\/strong> launched <strong data-start=\"71\" data-end=\"95\">\u201cRecycle Your Vapes\u201d<\/strong> in January 2025, a new vape collection and recycling program in Quebec, unique in Canada and worldwide. <strong data-start=\"200\" data-end=\"226\">Laurentide Environment<\/strong> participates as a sorting and recycling partner.<\/p><p data-start=\"279\" data-end=\"719\">The program ensures that these devices, many of which contain increasingly complex batteries, are collected and recycled responsibly. Once the batteries and other components, such as pods and cartridges, are collected at drop-off points, they are sent to Laurentide Environment\u2019s <strong data-start=\"559\" data-end=\"601\">Battery Processing and Recovery Center<\/strong> in Shawinigan, Quebec, where they are sorted and responsibly disposed of, while recoverable materials are salvaged.<\/p><p data-start=\"721\" data-end=\"898\">Discover the program and find drop-off locations near you here: <a href=\"https:\/\/recycleyourvapes.ca\/about-the-program\/\" target=\"_blank\" rel=\"noopener\">https:\/\/recycleyourvapes.ca\/about-the-program\/<\/a><\/p>\t\t\t\t\t\t\t\t<\/div>\n\t\t\t\t<\/div>\n\t\t<div class=\"elementor-element elementor-element-86d6126 e-con-full e-flex e-con e-child\" data-id=\"86d6126\" data-element_type=\"container\">\n\t\t\t\t<div class=\"elementor-element elementor-element-0f0e0ba elementor-widget elementor-widget-spacer\" data-id=\"0f0e0ba\" data-element_type=\"widget\" data-widget_type=\"spacer.default\">\n\t\t\t\t<div class=\"elementor-widget-container\">\n\t\t\t\t\t\t\t<div class=\"elementor-spacer\">\n\t\t\t<div class=\"elementor-spacer-inner\"><\/div>\n\t\t<\/div>\n\t\t\t\t\t\t<\/div>\n\t\t\t\t<\/div>\n\t\t\t\t<\/div>\n\t\t\t\t\t<\/div>\n\t\t\t\t<\/div>\n\t\t\t\t<\/div>\n\t\t<section id=\"easyCookie\" class=\"ec-fixed  ec-icon   ec-double-btn\" data-expiresdays=\"180\">\n\t\t<div>\n\t\t\t<div class=\"ec-infos\">\n\t\t\t\tLe site web de Soci\u00e9t\u00e9 Laurentide utilise des t\u00e9moins de connexion (cookies) pour am\u00e9liorer votre exp\u00e9rience lorsque vous naviguez sur le site. Nous vous prions de bien vouloir prendre connaissance des pr\u00e9sentes modalit\u00e9s avant d\u2019utiliser le site web ou les services qu\u2019il offre. \/\/ We use cookies to ensure that we give you the best experience. If you continue using this website, we'll assume that you are happy about that.\n\t\t\t<\/div>\n\t\t\t<div class=\"ec-btns\">\n\t\t\t\t<a href=\"#\" class=\"ec-accept\">J'accepte \/\/ Accept<\/a>\n\t\t\t\t<a href=\"https:\/\/societelaurentide.ca\/politique-de-confidentialite-et-conditions-dutilisation\/\" class=\"ec-empty\">Voir plus \/\/ View More<\/a>\n\t\t\t<\/div>\n\t\t<\/div>\n\t<\/section>","protected":false},"excerpt":{"rendered":"<p>Electronic Cigarettes (Vapes) Call to Recycle launched \u201cRecycle Your Vapes\u201d in January 2025, a new vape collection and recycling program in Quebec, unique in Canada and worldwide. Laurentide Environment participates as a sorting and recycling partner. The program ensures that these devices, many of which contain increasingly complex batteries, are collected and recycled responsibly. Once [&hellip;]<\/p>\n","protected":false},"author":2,"featured_media":0,"parent":1374,"menu_order":0,"comment_status":"closed","ping_status":"closed","template":"","meta":{"_acf_changed":false,"footnotes":""},"class_list":["post-1415","page","type-page","status-publish","hentry"],"acf":[],"aioseo_notices":[],"_links":{"self":[{"href":"https:\/\/wpdevstaging.com\/laurentide\/wp-json\/wp\/v2\/pages\/1415","targetHints":{"allow":["GET"]}}],"collection":[{"href":"https:\/\/wpdevstaging.com\/laurentide\/wp-json\/wp\/v2\/pages"}],"about":[{"href":"https:\/\/wpdevstaging.com\/laurentide\/wp-json\/wp\/v2\/types\/page"}],"author":[{"embeddable":true,"href":"https:\/\/wpdevstaging.com\/laurentide\/wp-json\/wp\/v2\/users\/2"}],"replies":[{"embeddable":true,"href":"https:\/\/wpdevstaging.com\/laurentide\/wp-json\/wp\/v2\/comments?post=1415"}],"version-history":[{"count":4,"href":"https:\/\/wpdevstaging.com\/laurentide\/wp-json\/wp\/v2\/pages\/1415\/revisions"}],"predecessor-version":[{"id":1419,"href":"https:\/\/wpdevstaging.com\/laurentide\/wp-json\/wp\/v2\/pages\/1415\/revisions\/1419"}],"up":[{"embeddable":true,"href":"https:\/\/wpdevstaging.com\/laurentide\/wp-json\/wp\/v2\/pages\/1374"}],"wp:attachment":[{"href":"https:\/\/wpdevstaging.com\/laurentide\/wp-json\/wp\/v2\/media?parent=1415"}],"curies":[{"name":"wp","href":"https:\/\/api.w.org\/{rel}","templated":true}]}}