{"id":1392,"date":"2025-11-15T11:23:39","date_gmt":"2025-11-15T16:23:39","guid":{"rendered":"https:\/\/wpdevstaging.com\/laurentide\/?page_id=1392"},"modified":"2025-11-15T12:24:03","modified_gmt":"2025-11-15T17:24:03","slug":"post-consumer-paint","status":"publish","type":"page","link":"https:\/\/wpdevstaging.com\/laurentide\/en\/laurentide-environment\/material-sorting-service\/post-consumer-paint\/","title":{"rendered":"Post-Consumer Paint"},"content":{"rendered":"\t\t<div data-elementor-type=\"wp-page\" data-elementor-id=\"1392\" class=\"elementor elementor-1392\" data-elementor-post-type=\"page\">\n\t\t\t\t<div class=\"elementor-element elementor-element-792fee1 e-flex e-con-boxed e-con e-parent\" data-id=\"792fee1\" data-element_type=\"container\" data-settings=\"{&quot;background_background&quot;:&quot;classic&quot;}\">\n\t\t\t\t\t<div class=\"e-con-inner\">\n\t\t<div class=\"elementor-element elementor-element-2953d01 e-con-full e-flex e-con e-child\" data-id=\"2953d01\" data-element_type=\"container\">\n\t\t\t\t<div class=\"elementor-element elementor-element-0360991 elementor-widget elementor-widget-heading\" data-id=\"0360991\" data-element_type=\"widget\" data-widget_type=\"heading.default\">\n\t\t\t\t<div class=\"elementor-widget-container\">\n\t\t\t\t\t<h2 class=\"elementor-heading-title elementor-size-default\">Post-Consumer Paint<\/h2>\t\t\t\t<\/div>\n\t\t\t\t<\/div>\n\t\t\t\t<\/div>\n\t\t\t\t\t<\/div>\n\t\t\t\t<\/div>\n\t\t<div class=\"elementor-element elementor-element-1f2709b e-flex e-con-boxed e-con e-parent\" data-id=\"1f2709b\" data-element_type=\"container\">\n\t\t\t\t\t<div class=\"e-con-inner\">\n\t\t\t\t<div class=\"elementor-element elementor-element-c8f193d elementor-widget elementor-widget-text-editor\" data-id=\"c8f193d\" data-element_type=\"widget\" data-widget_type=\"text-editor.default\">\n\t\t\t\t<div class=\"elementor-widget-container\">\n\t\t\t\t\t\t\t\t\t<p data-start=\"41\" data-end=\"363\"><strong data-start=\"41\" data-end=\"109\">A Canadian Leader in Post-Consumer Paint, Laurentide Environment<\/strong> ensures the collection, sorting, and recovery of post-consumer paints from Quebec and Atlantic Canada at its Shawinigan, Quebec facility, as well as at Richibucto, New Brunswick, as part of the <strong data-start=\"304\" data-end=\"320\">\u00c9co-Peinture<\/strong> and <strong data-start=\"325\" data-end=\"351\">Product Care Recycling<\/strong> programs.<\/p><p data-start=\"365\" data-end=\"523\">Materials that cannot be processed, such as solidified paints, adhesives, strippers, and cement, are sent to specialized companies for responsible disposal.<\/p><p data-start=\"525\" data-end=\"1221\">Post-consumer paint, for its part, is used by <strong data-start=\"571\" data-end=\"594\">Laurentide Paint<\/strong>, a subsidiary of Laurentide, to manufacture <strong data-start=\"647\" data-end=\"660\">Boomerang<\/strong>, an eco-responsible paint that is the only true 100% ECO product. Thanks to an innovative process and cutting-edge logistics, the process allows containers to be sorted by category, finish, and color, then directed to large mixing tanks. Additives are added to meet the standards of the Canadian paint manufacturing industry. Quality testing in the laboratory ensures that each batch is washable, offers excellent adhesion, superior hiding power, and low volatile organic compound (VOC) content. Boomerang paint provides an unbeatable quality-to-price ratio.<\/p><p data-start=\"1223\" data-end=\"1613\">The production of Boomerang paint emits <strong data-start=\"1263\" data-end=\"1305\">four times less greenhouse gases (GHG)<\/strong> than traditional paints. Its 3.78-liter container is made from <strong data-start=\"1369\" data-end=\"1408\">100% post-consumer recycled plastic<\/strong> and is recyclable. The product is also <strong data-start=\"1448\" data-end=\"1478\">UL ENVIRONNEMENT certified<\/strong> due to its low environmental impact. In short, choosing Boomerang post-consumer paint is an <strong data-start=\"1571\" data-end=\"1610\">eco-friendly and responsible choice<\/strong>.<\/p><p data-start=\"1615\" data-end=\"1781\">Find a drop-off location near you to return your leftover paint and used containers: <a class=\"decorated-link\" href=\"https:\/\/www.ecopeinture.ca\/localiser\/\" target=\"_new\" rel=\"noopener\" data-start=\"1700\" data-end=\"1778\">https:\/\/www.ecopeinture.ca\/localiser\/<\/a>.<\/p><p data-start=\"1783\" data-end=\"1890\">This post-consumer concept also allows Peinture Laurentide to offer a family of eco-responsible products:<\/p><ul data-start=\"1892\" data-end=\"2205\"><li data-start=\"1892\" data-end=\"1979\"><p data-start=\"1894\" data-end=\"1979\"><strong data-start=\"1894\" data-end=\"1917\">The Boomerang Line:<\/strong> ready-to-use 100% responsible paint available in 19 colors;<\/p><\/li><li data-start=\"1980\" data-end=\"2002\"><p data-start=\"1982\" data-end=\"2002\"><strong data-start=\"1982\" data-end=\"1999\">Ceiling Paint<\/strong>;<\/p><\/li><li data-start=\"2003\" data-end=\"2025\"><p data-start=\"2005\" data-end=\"2025\"><strong data-start=\"2005\" data-end=\"2022\">Primer-Sealer<\/strong>;<\/p><\/li><li data-start=\"2026\" data-end=\"2105\"><p data-start=\"2028\" data-end=\"2105\"><strong data-start=\"2028\" data-end=\"2047\">Boomerang PLUS:<\/strong> a colorable base and finish for kitchens and bathrooms;<\/p><\/li><li data-start=\"2106\" data-end=\"2154\"><p data-start=\"2108\" data-end=\"2154\"><strong data-start=\"2108\" data-end=\"2122\">Tera Deck:<\/strong> hybrid wood stain (4 colors);<\/p><\/li><li data-start=\"2155\" data-end=\"2205\"><p data-start=\"2157\" data-end=\"2205\"><strong data-start=\"2157\" data-end=\"2191\">Anti-Corrosion Paint for Metal<\/strong> (9 colors).<\/p><\/li><\/ul><p data-start=\"2207\" data-end=\"2406\">Visit the <strong data-start=\"2217\" data-end=\"2239\">Boomerang<\/strong> Paint website to explore our eco-responsible product lines and locate a retailer near you: <a href=\"https:\/\/www.peintureboomerang.com\/en\/\" target=\"_blank\" rel=\"noopener\">https:\/\/www.peintureboomerang.com\/en\/<\/a><\/p>\t\t\t\t\t\t\t\t<\/div>\n\t\t\t\t<\/div>\n\t\t<div class=\"elementor-element elementor-element-86d6126 e-con-full e-flex e-con e-child\" data-id=\"86d6126\" data-element_type=\"container\">\n\t\t\t\t<div class=\"elementor-element elementor-element-0f0e0ba elementor-widget elementor-widget-spacer\" data-id=\"0f0e0ba\" data-element_type=\"widget\" data-widget_type=\"spacer.default\">\n\t\t\t\t<div class=\"elementor-widget-container\">\n\t\t\t\t\t\t\t<div class=\"elementor-spacer\">\n\t\t\t<div class=\"elementor-spacer-inner\"><\/div>\n\t\t<\/div>\n\t\t\t\t\t\t<\/div>\n\t\t\t\t<\/div>\n\t\t\t\t<\/div>\n\t\t\t\t\t<\/div>\n\t\t\t\t<\/div>\n\t\t\t\t<\/div>\n\t\t<section id=\"easyCookie\" class=\"ec-fixed  ec-icon   ec-double-btn\" data-expiresdays=\"180\">\n\t\t<div>\n\t\t\t<div class=\"ec-infos\">\n\t\t\t\tLe site web de Soci\u00e9t\u00e9 Laurentide utilise des t\u00e9moins de connexion (cookies) pour am\u00e9liorer votre exp\u00e9rience lorsque vous naviguez sur le site. Nous vous prions de bien vouloir prendre connaissance des pr\u00e9sentes modalit\u00e9s avant d\u2019utiliser le site web ou les services qu\u2019il offre. \/\/ We use cookies to ensure that we give you the best experience. If you continue using this website, we'll assume that you are happy about that.\n\t\t\t<\/div>\n\t\t\t<div class=\"ec-btns\">\n\t\t\t\t<a href=\"#\" class=\"ec-accept\">J'accepte \/\/ Accept<\/a>\n\t\t\t\t<a href=\"https:\/\/societelaurentide.ca\/politique-de-confidentialite-et-conditions-dutilisation\/\" class=\"ec-empty\">Voir plus \/\/ View More<\/a>\n\t\t\t<\/div>\n\t\t<\/div>\n\t<\/section>","protected":false},"excerpt":{"rendered":"<p>Post-Consumer Paint A Canadian Leader in Post-Consumer Paint, Laurentide Environment ensures the collection, sorting, and recovery of post-consumer paints from Quebec and Atlantic Canada at its Shawinigan, Quebec facility, as well as at Richibucto, New Brunswick, as part of the \u00c9co-Peinture and Product Care Recycling programs. Materials that cannot be processed, such as solidified paints, [&hellip;]<\/p>\n","protected":false},"author":2,"featured_media":0,"parent":1374,"menu_order":0,"comment_status":"closed","ping_status":"closed","template":"","meta":{"_acf_changed":false,"footnotes":""},"class_list":["post-1392","page","type-page","status-publish","hentry"],"acf":[],"aioseo_notices":[],"_links":{"self":[{"href":"https:\/\/wpdevstaging.com\/laurentide\/wp-json\/wp\/v2\/pages\/1392","targetHints":{"allow":["GET"]}}],"collection":[{"href":"https:\/\/wpdevstaging.com\/laurentide\/wp-json\/wp\/v2\/pages"}],"about":[{"href":"https:\/\/wpdevstaging.com\/laurentide\/wp-json\/wp\/v2\/types\/page"}],"author":[{"embeddable":true,"href":"https:\/\/wpdevstaging.com\/laurentide\/wp-json\/wp\/v2\/users\/2"}],"replies":[{"embeddable":true,"href":"https:\/\/wpdevstaging.com\/laurentide\/wp-json\/wp\/v2\/comments?post=1392"}],"version-history":[{"count":4,"href":"https:\/\/wpdevstaging.com\/laurentide\/wp-json\/wp\/v2\/pages\/1392\/revisions"}],"predecessor-version":[{"id":1396,"href":"https:\/\/wpdevstaging.com\/laurentide\/wp-json\/wp\/v2\/pages\/1392\/revisions\/1396"}],"up":[{"embeddable":true,"href":"https:\/\/wpdevstaging.com\/laurentide\/wp-json\/wp\/v2\/pages\/1374"}],"wp:attachment":[{"href":"https:\/\/wpdevstaging.com\/laurentide\/wp-json\/wp\/v2\/media?parent=1392"}],"curies":[{"name":"wp","href":"https:\/\/api.w.org\/{rel}","templated":true}]}}