{"id":1193,"date":"2025-11-07T14:28:37","date_gmt":"2025-11-07T19:28:37","guid":{"rendered":"https:\/\/wpdevstaging.com\/laurentide\/?page_id=1193"},"modified":"2025-11-16T13:23:37","modified_gmt":"2025-11-16T18:23:37","slug":"laurentide-environment","status":"publish","type":"page","link":"https:\/\/wpdevstaging.com\/laurentide\/en\/laurentide-environment\/","title":{"rendered":"Laurentide Environment"},"content":{"rendered":"\t\t<div data-elementor-type=\"wp-page\" data-elementor-id=\"1193\" class=\"elementor elementor-1193\" data-elementor-post-type=\"page\">\n\t\t\t\t<div class=\"elementor-element elementor-element-792fee1 e-flex e-con-boxed e-con e-parent\" data-id=\"792fee1\" data-element_type=\"container\" data-settings=\"{&quot;background_background&quot;:&quot;classic&quot;}\">\n\t\t\t\t\t<div class=\"e-con-inner\">\n\t\t<div class=\"elementor-element elementor-element-2953d01 e-con-full e-flex e-con e-child\" data-id=\"2953d01\" data-element_type=\"container\">\n\t\t\t\t<div class=\"elementor-element elementor-element-0360991 elementor-widget elementor-widget-heading\" data-id=\"0360991\" data-element_type=\"widget\" data-widget_type=\"heading.default\">\n\t\t\t\t<div class=\"elementor-widget-container\">\n\t\t\t\t\t<h2 class=\"elementor-heading-title elementor-size-default\">Our Environment: An Active Value.<\/h2>\t\t\t\t<\/div>\n\t\t\t\t<\/div>\n\t\t\t\t<\/div>\n\t\t\t\t\t<\/div>\n\t\t\t\t<\/div>\n\t\t<div class=\"elementor-element elementor-element-0d007bc e-flex e-con-boxed e-con e-parent\" data-id=\"0d007bc\" data-element_type=\"container\">\n\t\t\t\t\t<div class=\"e-con-inner\">\n\t\t<a class=\"elementor-element elementor-element-a572054 e-con-full e-flex e-con e-child\" data-id=\"a572054\" data-element_type=\"container\" data-settings=\"{&quot;background_background&quot;:&quot;classic&quot;}\" href=\"https:\/\/wpdevstaging.com\/laurentide\/en\/laurentide-environment\/material-sorting-service\/\">\n\t\t\t\t<div class=\"elementor-element elementor-element-347913b elementor-widget elementor-widget-heading\" data-id=\"347913b\" data-element_type=\"widget\" data-widget_type=\"heading.default\">\n\t\t\t\t<div class=\"elementor-widget-container\">\n\t\t\t\t\t<h2 class=\"elementor-heading-title elementor-size-default\">Material <br>Sorting Service<\/h2>\t\t\t\t<\/div>\n\t\t\t\t<\/div>\n\t\t\t\t<\/a>\n\t\t<a class=\"elementor-element elementor-element-e256115 e-con-full e-flex e-con e-child\" data-id=\"e256115\" data-element_type=\"container\" data-settings=\"{&quot;background_background&quot;:&quot;classic&quot;}\" href=\"https:\/\/wpdevstaging.com\/laurentide\/en\/laurentide-environment\/\">\n\t\t\t\t<div class=\"elementor-element elementor-element-9fb1157 elementor-widget elementor-widget-heading\" data-id=\"9fb1157\" data-element_type=\"widget\" data-widget_type=\"heading.default\">\n\t\t\t\t<div class=\"elementor-widget-container\">\n\t\t\t\t\t<h2 class=\"elementor-heading-title elementor-size-default\">Material <br>Recovery Service<\/h2>\t\t\t\t<\/div>\n\t\t\t\t<\/div>\n\t\t\t\t<\/a>\n\t\t<a class=\"elementor-element elementor-element-5454f29 e-con-full e-flex e-con e-child\" data-id=\"5454f29\" data-element_type=\"container\" data-settings=\"{&quot;background_background&quot;:&quot;classic&quot;}\" href=\"https:\/\/wpdevstaging.com\/laurentide\/en\/laurentide-environment\/transbac-logistics-solution\/\">\n\t\t\t\t<div class=\"elementor-element elementor-element-3f02781 elementor-widget elementor-widget-heading\" data-id=\"3f02781\" data-element_type=\"widget\" data-widget_type=\"heading.default\">\n\t\t\t\t<div class=\"elementor-widget-container\">\n\t\t\t\t\t<h2 class=\"elementor-heading-title elementor-size-default\">Transbac <br>Logistics Solution<\/h2>\t\t\t\t<\/div>\n\t\t\t\t<\/div>\n\t\t\t\t<\/a>\n\t\t\t\t\t<\/div>\n\t\t\t\t<\/div>\n\t\t<div class=\"elementor-element elementor-element-1f2709b e-flex e-con-boxed e-con e-parent\" data-id=\"1f2709b\" data-element_type=\"container\">\n\t\t\t\t\t<div class=\"e-con-inner\">\n\t\t\t\t<div class=\"elementor-element elementor-element-afea138 elementor-widget elementor-widget-image\" data-id=\"afea138\" data-element_type=\"widget\" data-widget_type=\"image.default\">\n\t\t\t\t<div class=\"elementor-widget-container\">\n\t\t\t\t\t\t\t\t\t\t\t\t\t\t\t<img fetchpriority=\"high\" decoding=\"async\" width=\"900\" height=\"350\" src=\"https:\/\/wpdevstaging.com\/laurentide\/wp-content\/uploads\/2025\/11\/laurentide-environment-logo-colour.png\" class=\"attachment-full size-full wp-image-1364\" alt=\"\" srcset=\"https:\/\/wpdevstaging.com\/laurentide\/wp-content\/uploads\/2025\/11\/laurentide-environment-logo-colour.png 900w, https:\/\/wpdevstaging.com\/laurentide\/wp-content\/uploads\/2025\/11\/laurentide-environment-logo-colour-300x117.png 300w, https:\/\/wpdevstaging.com\/laurentide\/wp-content\/uploads\/2025\/11\/laurentide-environment-logo-colour-768x299.png 768w\" sizes=\"(max-width: 900px) 100vw, 900px\" \/>\t\t\t\t\t\t\t\t\t\t\t\t\t\t\t<\/div>\n\t\t\t\t<\/div>\n\t\t\t\t<div class=\"elementor-element elementor-element-c8f193d elementor-widget elementor-widget-text-editor\" data-id=\"c8f193d\" data-element_type=\"widget\" data-widget_type=\"text-editor.default\">\n\t\t\t\t<div class=\"elementor-widget-container\">\n\t\t\t\t\t\t\t\t\t<h5>Laurentide Environment\u2019s Mission: maximizing the value of recyclable materials and extending the useful life cycle of products to reduce their environmental impact<\/h5>\t\t\t\t\t\t\t\t<\/div>\n\t\t\t\t<\/div>\n\t\t\t\t<div class=\"elementor-element elementor-element-e73c236 elementor-widget elementor-widget-text-editor\" data-id=\"e73c236\" data-element_type=\"widget\" data-widget_type=\"text-editor.default\">\n\t\t\t\t<div class=\"elementor-widget-container\">\n\t\t\t\t\t\t\t\t\t<p data-start=\"208\" data-end=\"446\">For 30 years, Laurentide Environment has developed expertise in material recovery, driven by our core mission to maximize the value of recyclable materials and extend the useful life cycle of products to reduce their environmental impact.<\/p><p data-start=\"448\" data-end=\"654\">At our Shawinigan facilities, we sort and bale materials before sending them to companies eager to give them a second life, thereby reducing waste and preventing these materials from ending up in landfills.<\/p><p data-start=\"656\" data-end=\"835\">Thanks to our transportation logistics program created and managed by Laurentide Environment\u2014called TRANSBAC\u2014we can also handle the collection of the recyclable materials we sort.<\/p><p data-start=\"837\" data-end=\"1006\">Looking to launch a project involving material recovery? Laurentide Environment is your trusted partner for bringing this type of project to life. Rely on our expertise!<\/p><p data-start=\"1008\" data-end=\"1280\">Are you searching for a recycled material? Our 30 years of experience have enabled us to build strong relationships with key industry players. We know the recyclable materials sector, and we can help you find the material you need and connect you with the right resources.<\/p>\t\t\t\t\t\t\t\t<\/div>\n\t\t\t\t<\/div>\n\t\t\t\t\t<\/div>\n\t\t\t\t<\/div>\n\t\t<div class=\"elementor-element elementor-element-67fe9c4 e-flex e-con-boxed e-con e-parent\" data-id=\"67fe9c4\" data-element_type=\"container\">\n\t\t\t\t\t<div class=\"e-con-inner\">\n\t\t\t\t<div class=\"elementor-element elementor-element-b0df2a3 elementor-widget elementor-widget-spacer\" data-id=\"b0df2a3\" data-element_type=\"widget\" data-widget_type=\"spacer.default\">\n\t\t\t\t<div class=\"elementor-widget-container\">\n\t\t\t\t\t\t\t<div class=\"elementor-spacer\">\n\t\t\t<div class=\"elementor-spacer-inner\"><\/div>\n\t\t<\/div>\n\t\t\t\t\t\t<\/div>\n\t\t\t\t<\/div>\n\t\t\t\t\t<\/div>\n\t\t\t\t<\/div>\n\t\t\t\t<\/div>\n\t\t<section id=\"easyCookie\" class=\"ec-fixed  ec-icon   ec-double-btn\" data-expiresdays=\"180\">\n\t\t<div>\n\t\t\t<div class=\"ec-infos\">\n\t\t\t\tLe site web de Soci\u00e9t\u00e9 Laurentide utilise des t\u00e9moins de connexion (cookies) pour am\u00e9liorer votre exp\u00e9rience lorsque vous naviguez sur le site. Nous vous prions de bien vouloir prendre connaissance des pr\u00e9sentes modalit\u00e9s avant d\u2019utiliser le site web ou les services qu\u2019il offre. \/\/ We use cookies to ensure that we give you the best experience. If you continue using this website, we'll assume that you are happy about that.\n\t\t\t<\/div>\n\t\t\t<div class=\"ec-btns\">\n\t\t\t\t<a href=\"#\" class=\"ec-accept\">J'accepte \/\/ Accept<\/a>\n\t\t\t\t<a href=\"https:\/\/societelaurentide.ca\/politique-de-confidentialite-et-conditions-dutilisation\/\" class=\"ec-empty\">Voir plus \/\/ View More<\/a>\n\t\t\t<\/div>\n\t\t<\/div>\n\t<\/section>","protected":false},"excerpt":{"rendered":"<p>Our Environment: An Active Value. Material Sorting Service Material Recovery Service Transbac Logistics Solution Laurentide Environment\u2019s Mission: maximizing the value of recyclable materials and extending the useful life cycle of products to reduce their environmental impact For 30 years, Laurentide Environment has developed expertise in material recovery, driven by our core mission to maximize the [&hellip;]<\/p>\n","protected":false},"author":2,"featured_media":0,"parent":0,"menu_order":0,"comment_status":"closed","ping_status":"closed","template":"","meta":{"_acf_changed":false,"footnotes":""},"class_list":["post-1193","page","type-page","status-publish","hentry"],"acf":[],"aioseo_notices":[],"_links":{"self":[{"href":"https:\/\/wpdevstaging.com\/laurentide\/wp-json\/wp\/v2\/pages\/1193","targetHints":{"allow":["GET"]}}],"collection":[{"href":"https:\/\/wpdevstaging.com\/laurentide\/wp-json\/wp\/v2\/pages"}],"about":[{"href":"https:\/\/wpdevstaging.com\/laurentide\/wp-json\/wp\/v2\/types\/page"}],"author":[{"embeddable":true,"href":"https:\/\/wpdevstaging.com\/laurentide\/wp-json\/wp\/v2\/users\/2"}],"replies":[{"embeddable":true,"href":"https:\/\/wpdevstaging.com\/laurentide\/wp-json\/wp\/v2\/comments?post=1193"}],"version-history":[{"count":18,"href":"https:\/\/wpdevstaging.com\/laurentide\/wp-json\/wp\/v2\/pages\/1193\/revisions"}],"predecessor-version":[{"id":6346,"href":"https:\/\/wpdevstaging.com\/laurentide\/wp-json\/wp\/v2\/pages\/1193\/revisions\/6346"}],"wp:attachment":[{"href":"https:\/\/wpdevstaging.com\/laurentide\/wp-json\/wp\/v2\/media?parent=1193"}],"curies":[{"name":"wp","href":"https:\/\/api.w.org\/{rel}","templated":true}]}}